{"id":10,"date":"2023-06-26T10:48:59","date_gmt":"2023-06-26T14:48:59","guid":{"rendered":"https:\/\/sescro.com.br\/sesc-novo\/blog\/?page_id=10"},"modified":"2023-07-13T11:20:42","modified_gmt":"2023-07-13T15:20:42","slug":"cultura","status":"publish","type":"page","link":"https:\/\/sescro.com.br\/blog\/cultura\/","title":{"rendered":"Cultura"},"content":{"rendered":"\n<div class=\"wp-block-uagb-container uagb-block-a711a079 alignfull uagb-is-root-container\"><div class=\"uagb-container-inner-blocks-wrap\">\n<div class=\"wp-block-uagb-info-box uagb-block-d84771d0 uagb-infobox__content-wrap  uagb-infobox-icon-above-title uagb-infobox-image-valign-top\"><div class=\"uagb-ifb-content\"><div class=\"uagb-ifb-title-wrap\"><h3 class=\"uagb-ifb-title\">Cultura<\/h3><\/div><\/div><\/div>\n<\/div><\/div>\n\n\n\n<div style=\"height:100px\" aria-hidden=\"true\" class=\"wp-block-spacer\"><\/div>\n\n\n\n\t\t\t<div class=\"wp-block-uagb-post-grid uagb-post-grid  uagb-post__image-position-top uagb-post__image-enabled uagb-block-08b34992     uagb-post__items uagb-post__columns-3 is-grid uagb-post__columns-tablet-2 uagb-post__columns-mobile-1 uagb-post__equal-height\" data-total=\"13\" style=\"\">\n\n\t\t\t\t\t\t\t\t\t\t\t\t<article class=\"uagb-post__inner-wrap\">\t\t\t\t\t\t\t\t<div class='uagb-post__image'>\n\t\t\t\t\t\t\t\t\t<a href=\"https:\/\/sescro.com.br\/blog\/sesc-centro-cultural-gladstone-frota-abre-inscricoes-para-cursos-em-porto-velho\/\" target=\"_self\" rel=\"bookmark noopener noreferrer\" class='uagb-image-ratio-inherit'><img width=\"819\" height=\"1024\" src=\"https:\/\/sescro.com.br\/blog\/wp-content\/uploads\/2026\/04\/Cursos-CCS-819x1024.jpg\" class=\"attachment-large size-large\" alt=\"\" decoding=\"async\" loading=\"lazy\" srcset=\"https:\/\/sescro.com.br\/blog\/wp-content\/uploads\/2026\/04\/Cursos-CCS-819x1024.jpg 819w, https:\/\/sescro.com.br\/blog\/wp-content\/uploads\/2026\/04\/Cursos-CCS-240x300.jpg 240w, https:\/\/sescro.com.br\/blog\/wp-content\/uploads\/2026\/04\/Cursos-CCS-768x960.jpg 768w, https:\/\/sescro.com.br\/blog\/wp-content\/uploads\/2026\/04\/Cursos-CCS.jpg 1080w\" sizes=\"(max-width: 819px) 100vw, 819px\" \/>\t\t\t\t\t<\/a>\n\t\t\t\t\t\t\t<\/div>\n\t\t\t<div class=\"uagb-post__text\"><span class=\"uagb-post__taxonomy highlighted\"><span class=\"dashicons-tag dashicons\"><\/span><a href=\"https:\/\/sescro.com.br\/blog\/categorias\/cultura\/\">Cultura<\/a><\/span><\/div>\t\t\t<h4 class=\"uagb-post__title uagb-post__text\">\n\t\t\t\t<a href=\"https:\/\/sescro.com.br\/blog\/sesc-centro-cultural-gladstone-frota-abre-inscricoes-para-cursos-em-porto-velho\/\" target=\"_self\" rel=\"bookmark noopener noreferrer\">Sesc Centro Cultural Gladstone Frota abre inscri\u00e7\u00f5es para cursos em Porto Velho<\/a>\n\t\t\t<\/h4>\n\t\t\t\t\t\t<div class='uagb-post__text uagb-post-grid-byline'>\n\t\t\t\t\t\t\t<\/div>\n\t\t\t\n\t\t\t\t\t\t\t\t\t<\/article>\n\t\t\t\t\t\t\t\t\t\t\t\t\t\t\t\t<article class=\"uagb-post__inner-wrap\">\t\t\t\t\t\t\t\t<div class='uagb-post__image'>\n\t\t\t\t\t\t\t\t\t<a href=\"https:\/\/sescro.com.br\/blog\/sesc-rondonia-lanca-temporada-2026-do-cinesesc-com-foco-na-producao-regional-e-memorias-urbanas\/\" target=\"_self\" rel=\"bookmark noopener noreferrer\" class='uagb-image-ratio-inherit'><img width=\"1024\" height=\"640\" src=\"https:\/\/sescro.com.br\/blog\/wp-content\/uploads\/2026\/03\/isa-1024x640.jpg\" class=\"attachment-large size-large\" alt=\"\" decoding=\"async\" loading=\"lazy\" srcset=\"https:\/\/sescro.com.br\/blog\/wp-content\/uploads\/2026\/03\/isa-1024x640.jpg 1024w, https:\/\/sescro.com.br\/blog\/wp-content\/uploads\/2026\/03\/isa-300x188.jpg 300w, https:\/\/sescro.com.br\/blog\/wp-content\/uploads\/2026\/03\/isa-768x480.jpg 768w, https:\/\/sescro.com.br\/blog\/wp-content\/uploads\/2026\/03\/isa-1536x960.jpg 1536w, https:\/\/sescro.com.br\/blog\/wp-content\/uploads\/2026\/03\/isa-2048x1280.jpg 2048w\" sizes=\"(max-width: 1024px) 100vw, 1024px\" \/>\t\t\t\t\t<\/a>\n\t\t\t\t\t\t\t<\/div>\n\t\t\t<div class=\"uagb-post__text\"><span class=\"uagb-post__taxonomy highlighted\"><span class=\"dashicons-tag dashicons\"><\/span><a href=\"https:\/\/sescro.com.br\/blog\/categorias\/cultura\/\">Cultura<\/a><\/span><\/div>\t\t\t<h4 class=\"uagb-post__title uagb-post__text\">\n\t\t\t\t<a href=\"https:\/\/sescro.com.br\/blog\/sesc-rondonia-lanca-temporada-2026-do-cinesesc-com-foco-na-producao-regional-e-memorias-urbanas\/\" target=\"_self\" rel=\"bookmark noopener noreferrer\">Sesc Rond\u00f4nia lan\u00e7a temporada 2026 do CineSesc com foco na produ\u00e7\u00e3o regional e mem\u00f3rias urbanas<\/a>\n\t\t\t<\/h4>\n\t\t\t\t\t\t<div class='uagb-post__text uagb-post-grid-byline'>\n\t\t\t\t\t\t\t<\/div>\n\t\t\t\n\t\t\t\t\t\t\t\t\t<\/article>\n\t\t\t\t\t\t\t\t\t\t\t\t\t\t\t\t<article class=\"uagb-post__inner-wrap\">\t\t\t\t\t\t\t\t<div class='uagb-post__image'>\n\t\t\t\t\t\t\t\t\t<a href=\"https:\/\/sescro.com.br\/blog\/9a-mostra-sesc-de-cinema-esta-com-inscricoes-abertas\/\" target=\"_self\" rel=\"bookmark noopener noreferrer\" class='uagb-image-ratio-inherit'><img width=\"819\" height=\"1024\" src=\"https:\/\/sescro.com.br\/blog\/wp-content\/uploads\/2026\/03\/WhatsApp-Image-2026-03-06-at-08.48.48-819x1024.jpeg\" class=\"attachment-large size-large\" alt=\"\" decoding=\"async\" loading=\"lazy\" srcset=\"https:\/\/sescro.com.br\/blog\/wp-content\/uploads\/2026\/03\/WhatsApp-Image-2026-03-06-at-08.48.48-819x1024.jpeg 819w, https:\/\/sescro.com.br\/blog\/wp-content\/uploads\/2026\/03\/WhatsApp-Image-2026-03-06-at-08.48.48-240x300.jpeg 240w, https:\/\/sescro.com.br\/blog\/wp-content\/uploads\/2026\/03\/WhatsApp-Image-2026-03-06-at-08.48.48-768x960.jpeg 768w, https:\/\/sescro.com.br\/blog\/wp-content\/uploads\/2026\/03\/WhatsApp-Image-2026-03-06-at-08.48.48-1229x1536.jpeg 1229w, https:\/\/sescro.com.br\/blog\/wp-content\/uploads\/2026\/03\/WhatsApp-Image-2026-03-06-at-08.48.48.jpeg 1280w\" sizes=\"(max-width: 819px) 100vw, 819px\" \/>\t\t\t\t\t<\/a>\n\t\t\t\t\t\t\t<\/div>\n\t\t\t<div class=\"uagb-post__text\"><span class=\"uagb-post__taxonomy highlighted\"><span class=\"dashicons-tag dashicons\"><\/span><a href=\"https:\/\/sescro.com.br\/blog\/categorias\/cultura\/\">Cultura<\/a><\/span><\/div>\t\t\t<h4 class=\"uagb-post__title uagb-post__text\">\n\t\t\t\t<a href=\"https:\/\/sescro.com.br\/blog\/9a-mostra-sesc-de-cinema-esta-com-inscricoes-abertas\/\" target=\"_self\" rel=\"bookmark noopener noreferrer\">9\u00aa Mostra Sesc de Cinema est\u00e1 com inscri\u00e7\u00f5es abertas<\/a>\n\t\t\t<\/h4>\n\t\t\t\t\t\t<div class='uagb-post__text uagb-post-grid-byline'>\n\t\t\t\t\t\t\t<\/div>\n\t\t\t\n\t\t\t\t\t\t\t\t\t<\/article>\n\t\t\t\t\t\t\t\t\t\t\t\t\t\t\t\t<article class=\"uagb-post__inner-wrap\">\t\t\t\t\t\t\t\t<div class='uagb-post__image'>\n\t\t\t\t\t\t\t\t\t<a href=\"https:\/\/sescro.com.br\/blog\/sesc-rondonia-apresenta-novo-calendario-cultural\/\" target=\"_self\" rel=\"bookmark noopener noreferrer\" class='uagb-image-ratio-inherit'><img width=\"819\" height=\"1024\" src=\"https:\/\/sescro.com.br\/blog\/wp-content\/uploads\/2026\/02\/site_Programacao-CCS-2026-819x1024.jpg\" class=\"attachment-large size-large\" alt=\"\" decoding=\"async\" loading=\"lazy\" srcset=\"https:\/\/sescro.com.br\/blog\/wp-content\/uploads\/2026\/02\/site_Programacao-CCS-2026-819x1024.jpg 819w, https:\/\/sescro.com.br\/blog\/wp-content\/uploads\/2026\/02\/site_Programacao-CCS-2026-240x300.jpg 240w, https:\/\/sescro.com.br\/blog\/wp-content\/uploads\/2026\/02\/site_Programacao-CCS-2026-768x960.jpg 768w, https:\/\/sescro.com.br\/blog\/wp-content\/uploads\/2026\/02\/site_Programacao-CCS-2026.jpg 1080w\" sizes=\"(max-width: 819px) 100vw, 819px\" \/>\t\t\t\t\t<\/a>\n\t\t\t\t\t\t\t<\/div>\n\t\t\t<div class=\"uagb-post__text\"><span class=\"uagb-post__taxonomy highlighted\"><span class=\"dashicons-tag dashicons\"><\/span><a href=\"https:\/\/sescro.com.br\/blog\/categorias\/cultura\/\">Cultura<\/a><\/span><\/div>\t\t\t<h4 class=\"uagb-post__title uagb-post__text\">\n\t\t\t\t<a href=\"https:\/\/sescro.com.br\/blog\/sesc-rondonia-apresenta-novo-calendario-cultural\/\" target=\"_self\" rel=\"bookmark noopener noreferrer\">Sesc Rond\u00f4nia apresenta novo calend\u00e1rio cultural<\/a>\n\t\t\t<\/h4>\n\t\t\t\t\t\t<div class='uagb-post__text uagb-post-grid-byline'>\n\t\t\t\t\t\t\t<\/div>\n\t\t\t\n\t\t\t\t\t\t\t\t\t<\/article>\n\t\t\t\t\t\t\t\t\t\t\t\t\t\t\t\t<article class=\"uagb-post__inner-wrap\">\t\t\t\t\t\t\t\t<div class='uagb-post__image'>\n\t\t\t\t\t\t\t\t\t<a href=\"https:\/\/sescro.com.br\/blog\/sistema-fecomercio-rondonia-e-bloco-porto-maria-unem-cultura-e-solidariedade-em-feijoada-beneficente\/\" target=\"_self\" rel=\"bookmark noopener noreferrer\" class='uagb-image-ratio-inherit'><img width=\"819\" height=\"1024\" src=\"https:\/\/sescro.com.br\/blog\/wp-content\/uploads\/2026\/02\/WhatsApp-Image-2026-02-11-at-14.18.49-819x1024.jpeg\" class=\"attachment-large size-large\" alt=\"\" decoding=\"async\" loading=\"lazy\" srcset=\"https:\/\/sescro.com.br\/blog\/wp-content\/uploads\/2026\/02\/WhatsApp-Image-2026-02-11-at-14.18.49-819x1024.jpeg 819w, https:\/\/sescro.com.br\/blog\/wp-content\/uploads\/2026\/02\/WhatsApp-Image-2026-02-11-at-14.18.49-240x300.jpeg 240w, https:\/\/sescro.com.br\/blog\/wp-content\/uploads\/2026\/02\/WhatsApp-Image-2026-02-11-at-14.18.49-768x960.jpeg 768w, https:\/\/sescro.com.br\/blog\/wp-content\/uploads\/2026\/02\/WhatsApp-Image-2026-02-11-at-14.18.49.jpeg 1080w\" sizes=\"(max-width: 819px) 100vw, 819px\" \/>\t\t\t\t\t<\/a>\n\t\t\t\t\t\t\t<\/div>\n\t\t\t<div class=\"uagb-post__text\"><span class=\"uagb-post__taxonomy highlighted\"><span class=\"dashicons-tag dashicons\"><\/span><a href=\"https:\/\/sescro.com.br\/blog\/categorias\/assistencia\/\">Assist\u00eancia<\/a><\/span><span class=\"uagb-post__taxonomy highlighted\"><span class=\"dashicons-tag dashicons\"><\/span><a href=\"https:\/\/sescro.com.br\/blog\/categorias\/cultura\/\">Cultura<\/a><\/span><\/div>\t\t\t<h4 class=\"uagb-post__title uagb-post__text\">\n\t\t\t\t<a href=\"https:\/\/sescro.com.br\/blog\/sistema-fecomercio-rondonia-e-bloco-porto-maria-unem-cultura-e-solidariedade-em-feijoada-beneficente\/\" target=\"_self\" rel=\"bookmark noopener noreferrer\">Sistema Fecom\u00e9rcio Rond\u00f4nia e Bloco Porto Maria unem cultura e solidariedade em feijoada beneficente<\/a>\n\t\t\t<\/h4>\n\t\t\t\t\t\t<div class='uagb-post__text uagb-post-grid-byline'>\n\t\t\t\t\t\t\t<\/div>\n\t\t\t\n\t\t\t\t\t\t\t\t\t<\/article>\n\t\t\t\t\t\t\t\t\t\t\t\t\t\t\t\t<article class=\"uagb-post__inner-wrap\">\t\t\t\t\t\t\t\t<div class='uagb-post__image'>\n\t\t\t\t\t\t\t\t\t<a href=\"https:\/\/sescro.com.br\/blog\/sesc-rondonia-convoca-artistas-para-o-banco-de-propostas-culturais\/\" target=\"_self\" rel=\"bookmark noopener noreferrer\" class='uagb-image-ratio-inherit'><img width=\"579\" height=\"579\" src=\"https:\/\/sescro.com.br\/blog\/wp-content\/uploads\/2026\/01\/Banco_de_propostas_-_2026-4.jpg\" class=\"attachment-large size-large\" alt=\"\" decoding=\"async\" loading=\"lazy\" srcset=\"https:\/\/sescro.com.br\/blog\/wp-content\/uploads\/2026\/01\/Banco_de_propostas_-_2026-4.jpg 579w, https:\/\/sescro.com.br\/blog\/wp-content\/uploads\/2026\/01\/Banco_de_propostas_-_2026-4-300x300.jpg 300w, https:\/\/sescro.com.br\/blog\/wp-content\/uploads\/2026\/01\/Banco_de_propostas_-_2026-4-150x150.jpg 150w\" sizes=\"(max-width: 579px) 100vw, 579px\" \/>\t\t\t\t\t<\/a>\n\t\t\t\t\t\t\t<\/div>\n\t\t\t<div class=\"uagb-post__text\"><span class=\"uagb-post__taxonomy highlighted\"><span class=\"dashicons-tag dashicons\"><\/span><a href=\"https:\/\/sescro.com.br\/blog\/categorias\/cultura\/\">Cultura<\/a><\/span><\/div>\t\t\t<h4 class=\"uagb-post__title uagb-post__text\">\n\t\t\t\t<a href=\"https:\/\/sescro.com.br\/blog\/sesc-rondonia-convoca-artistas-para-o-banco-de-propostas-culturais\/\" target=\"_self\" rel=\"bookmark noopener noreferrer\">Sesc Rond\u00f4nia convoca artistas para o Banco de Propostas Culturais<\/a>\n\t\t\t<\/h4>\n\t\t\t\t\t\t<div class='uagb-post__text uagb-post-grid-byline'>\n\t\t\t\t\t\t\t<\/div>\n\t\t\t\n\t\t\t\t\t\t\t\t\t<\/article>\n\t\t\t\t\t\t\t\t\t\t\t<\/div>\n\t\t\t\n\n\n<div style=\"height:200px\" aria-hidden=\"true\" class=\"wp-block-spacer\"><\/div>\n","protected":false},"excerpt":{"rendered":"","protected":false},"author":1,"featured_media":0,"parent":0,"menu_order":0,"comment_status":"closed","ping_status":"closed","template":"","meta":{"_uag_custom_page_level_css":"","_exactmetrics_skip_tracking":false,"_exactmetrics_sitenote_active":false,"_exactmetrics_sitenote_note":"","_exactmetrics_sitenote_category":0,"site-sidebar-layout":"default","site-content-layout":"","ast-site-content-layout":"","site-content-style":"default","site-sidebar-style":"default","ast-global-header-display":"","ast-banner-title-visibility":"","ast-main-header-display":"","ast-hfb-above-header-display":"","ast-hfb-below-header-display":"","ast-hfb-mobile-header-display":"","site-post-title":"disabled","ast-breadcrumbs-content":"","ast-featured-img":"","footer-sml-layout":"","theme-transparent-header-meta":"","adv-header-id-meta":"","stick-header-meta":"","header-above-stick-meta":"","header-main-stick-meta":"","header-below-stick-meta":"","astra-migrate-meta-layouts":"default","ast-page-background-enabled":"default","ast-page-background-meta":{"desktop":{"background-color":"var(--ast-global-color-4)","background-image":"","background-repeat":"repeat","background-position":"center center","background-size":"auto","background-attachment":"scroll","background-type":"","background-media":"","overlay-type":"","overlay-color":"","overlay-opacity":"","overlay-gradient":""},"tablet":{"background-color":"","background-image":"","background-repeat":"repeat","background-position":"center center","background-size":"auto","background-attachment":"scroll","background-type":"","background-media":"","overlay-type":"","overlay-color":"","overlay-opacity":"","overlay-gradient":""},"mobile":{"background-color":"","background-image":"","background-repeat":"repeat","background-position":"center center","background-size":"auto","background-attachment":"scroll","background-type":"","background-media":"","overlay-type":"","overlay-color":"","overlay-opacity":"","overlay-gradient":""}},"ast-content-background-meta":{"desktop":{"background-color":"var(--ast-global-color-5)","background-image":"","background-repeat":"repeat","background-position":"center center","background-size":"auto","background-attachment":"scroll","background-type":"","background-media":"","overlay-type":"","overlay-color":"","overlay-opacity":"","overlay-gradient":""},"tablet":{"background-color":"var(--ast-global-color-5)","background-image":"","background-repeat":"repeat","background-position":"center center","background-size":"auto","background-attachment":"scroll","background-type":"","background-media":"","overlay-type":"","overlay-color":"","overlay-opacity":"","overlay-gradient":""},"mobile":{"background-color":"var(--ast-global-color-5)","background-image":"","background-repeat":"repeat","background-position":"center center","background-size":"auto","background-attachment":"scroll","background-type":"","background-media":"","overlay-type":"","overlay-color":"","overlay-opacity":"","overlay-gradient":""}}},"uagb_featured_image_src":{"full":false,"thumbnail":false,"medium":false,"medium_large":false,"large":false,"1536x1536":false,"2048x2048":false},"uagb_author_info":{"display_name":"jessicaguedes","author_link":"https:\/\/sescro.com.br\/blog\/author\/jessicaguedes\/"},"uagb_comment_info":0,"uagb_excerpt":null,"_links":{"self":[{"href":"https:\/\/sescro.com.br\/blog\/wp-json\/wp\/v2\/pages\/10"}],"collection":[{"href":"https:\/\/sescro.com.br\/blog\/wp-json\/wp\/v2\/pages"}],"about":[{"href":"https:\/\/sescro.com.br\/blog\/wp-json\/wp\/v2\/types\/page"}],"author":[{"embeddable":true,"href":"https:\/\/sescro.com.br\/blog\/wp-json\/wp\/v2\/users\/1"}],"replies":[{"embeddable":true,"href":"https:\/\/sescro.com.br\/blog\/wp-json\/wp\/v2\/comments?post=10"}],"version-history":[{"count":11,"href":"https:\/\/sescro.com.br\/blog\/wp-json\/wp\/v2\/pages\/10\/revisions"}],"predecessor-version":[{"id":224,"href":"https:\/\/sescro.com.br\/blog\/wp-json\/wp\/v2\/pages\/10\/revisions\/224"}],"wp:attachment":[{"href":"https:\/\/sescro.com.br\/blog\/wp-json\/wp\/v2\/media?parent=10"}],"curies":[{"name":"wp","href":"https:\/\/api.w.org\/{rel}","templated":true}]}}