{"id":12,"date":"2023-06-26T10:49:17","date_gmt":"2023-06-26T14:49:17","guid":{"rendered":"https:\/\/sescro.com.br\/sesc-novo\/blog\/?page_id=12"},"modified":"2023-08-25T10:01:50","modified_gmt":"2023-08-25T14:01:50","slug":"educacao","status":"publish","type":"page","link":"https:\/\/sescro.com.br\/blog\/educacao\/","title":{"rendered":"Educa\u00e7\u00e3o"},"content":{"rendered":"\n<div class=\"wp-block-uagb-container uagb-block-25d95628 alignfull uagb-is-root-container\"><div class=\"uagb-container-inner-blocks-wrap\">\n<div class=\"wp-block-uagb-info-box uagb-block-1cadb368 uagb-infobox__content-wrap  uagb-infobox-icon-above-title uagb-infobox-image-valign-top\"><div class=\"uagb-ifb-content\"><div class=\"uagb-ifb-title-wrap\"><h3 class=\"uagb-ifb-title\">Educa\u00e7\u00e3o<\/h3><\/div><\/div><\/div>\n<\/div><\/div>\n\n\n\n<div style=\"height:100px\" aria-hidden=\"true\" class=\"wp-block-spacer\"><\/div>\n\n\n\n\t\t\t<div class=\"wp-block-uagb-post-grid uagb-post-grid  uagb-post__image-position-top uagb-post__image-enabled uagb-block-a7827f72     uagb-post__items uagb-post__columns-3 is-grid uagb-post__columns-tablet-2 uagb-post__columns-mobile-1 uagb-post__equal-height\" data-total=\"2\" style=\"\">\n\n\t\t\t\t\t\t\t\t\t\t\t\t<article class=\"uagb-post__inner-wrap\">\t\t\t\t\t\t\t\t<div class='uagb-post__image'>\n\t\t\t\t\t\t\t\t\t<a href=\"https:\/\/sescro.com.br\/blog\/sistema-fecomercio-realiza-2a-edicao-da-semana-s-do-comercio-com-servicos-gratuitos-negocios-e-atracoes-culturais-em-porto-velho\/\" target=\"_self\" rel=\"bookmark noopener noreferrer\" class='uagb-image-ratio-inherit'><img width=\"520\" height=\"400\" src=\"https:\/\/sescro.com.br\/blog\/wp-content\/uploads\/2026\/03\/thumbnail-semanaS.jpg.jpeg\" class=\"attachment-large size-large\" alt=\"\" decoding=\"async\" loading=\"lazy\" srcset=\"https:\/\/sescro.com.br\/blog\/wp-content\/uploads\/2026\/03\/thumbnail-semanaS.jpg.jpeg 520w, https:\/\/sescro.com.br\/blog\/wp-content\/uploads\/2026\/03\/thumbnail-semanaS.jpg-300x231.jpeg 300w\" sizes=\"(max-width: 520px) 100vw, 520px\" \/>\t\t\t\t\t<\/a>\n\t\t\t\t\t\t\t<\/div>\n\t\t\t<div class=\"uagb-post__text\"><span class=\"uagb-post__taxonomy highlighted\"><a href=\"https:\/\/sescro.com.br\/blog\/categorias\/sem-categoria\/\">Sem categoria<\/a><\/span><\/div>\t\t\t<h4 class=\"uagb-post__title uagb-post__text\">\n\t\t\t\t<a href=\"https:\/\/sescro.com.br\/blog\/sistema-fecomercio-realiza-2a-edicao-da-semana-s-do-comercio-com-servicos-gratuitos-negocios-e-atracoes-culturais-em-porto-velho\/\" target=\"_self\" rel=\"bookmark noopener noreferrer\">Sistema Fecom\u00e9rcio realiza 2\u00aa edi\u00e7\u00e3o da Semana S do Com\u00e9rcio com servi\u00e7os gratuitos, neg\u00f3cios e atra\u00e7\u00f5es culturais em Porto Velho<\/a>\n\t\t\t<\/h4>\n\t\t\t\t\t\t<div class='uagb-post__text uagb-post-grid-byline'>\n\t\t\t\t\t\t\t<\/div>\n\t\t\t\n\t\t\t\t\t\t\t\t\t<\/article>\n\t\t\t\t\t\t\t\t\t\t\t\t\t\t\t\t<article class=\"uagb-post__inner-wrap\">\t\t\t\t\t\t\t\t<div class='uagb-post__image'>\n\t\t\t\t\t\t\t\t\t<a href=\"https:\/\/sescro.com.br\/blog\/sesc-centro-cultural-gladstone-nogueira-frota-recebe-suite-amazonida\/\" target=\"_self\" rel=\"bookmark noopener noreferrer\" class='uagb-image-ratio-inherit'><img width=\"428\" height=\"321\" src=\"https:\/\/sescro.com.br\/blog\/wp-content\/uploads\/2025\/11\/Imagem1.jpg\" class=\"attachment-large size-large\" alt=\"\" decoding=\"async\" loading=\"lazy\" srcset=\"https:\/\/sescro.com.br\/blog\/wp-content\/uploads\/2025\/11\/Imagem1.jpg 428w, https:\/\/sescro.com.br\/blog\/wp-content\/uploads\/2025\/11\/Imagem1-300x225.jpg 300w\" sizes=\"(max-width: 428px) 100vw, 428px\" \/>\t\t\t\t\t<\/a>\n\t\t\t\t\t\t\t<\/div>\n\t\t\t<div class=\"uagb-post__text\"><span class=\"uagb-post__taxonomy highlighted\"><a href=\"https:\/\/sescro.com.br\/blog\/categorias\/sem-categoria\/\">Sem categoria<\/a><\/span><span class=\"uagb-post__taxonomy highlighted\"><a href=\"https:\/\/sescro.com.br\/blog\/categorias\/cultura\/\">Cultura<\/a><\/span><\/div>\t\t\t<h4 class=\"uagb-post__title uagb-post__text\">\n\t\t\t\t<a href=\"https:\/\/sescro.com.br\/blog\/sesc-centro-cultural-gladstone-nogueira-frota-recebe-suite-amazonida\/\" target=\"_self\" rel=\"bookmark noopener noreferrer\">Sesc Centro Cultural Gladstone Nogueira Frota recebe &#8220;Su\u00edte Amaz\u00f4nida&#8221;<\/a>\n\t\t\t<\/h4>\n\t\t\t\t\t\t<div class='uagb-post__text uagb-post-grid-byline'>\n\t\t\t\t\t\t\t<\/div>\n\t\t\t\n\t\t\t\t\t\t\t\t\t<\/article>\n\t\t\t\t\t\t\t\t\t\t\t\t\t\t\t\t<article class=\"uagb-post__inner-wrap\">\t\t\t\t\t\t\t\t<div class='uagb-post__image'>\n\t\t\t\t\t\t\t\t\t<a href=\"https:\/\/sescro.com.br\/blog\/sesc-rondonia-publica-2o-relatorio-de-transparencia-e-igualdade-salarial-de-mulheres-e-homens-2o-semestre-2024-do-governo-federal\/\" target=\"_self\" rel=\"bookmark noopener noreferrer\" class='uagb-image-ratio-inherit'><img width=\"1024\" height=\"1024\" src=\"https:\/\/sescro.com.br\/blog\/wp-content\/uploads\/2024\/08\/Feed-relatorio-salarial-Segundo-Semestre-1-1024x1024.jpg\" class=\"attachment-large size-large\" alt=\"\" decoding=\"async\" loading=\"lazy\" srcset=\"https:\/\/sescro.com.br\/blog\/wp-content\/uploads\/2024\/08\/Feed-relatorio-salarial-Segundo-Semestre-1-1024x1024.jpg 1024w, https:\/\/sescro.com.br\/blog\/wp-content\/uploads\/2024\/08\/Feed-relatorio-salarial-Segundo-Semestre-1-300x300.jpg 300w, https:\/\/sescro.com.br\/blog\/wp-content\/uploads\/2024\/08\/Feed-relatorio-salarial-Segundo-Semestre-1-150x150.jpg 150w, https:\/\/sescro.com.br\/blog\/wp-content\/uploads\/2024\/08\/Feed-relatorio-salarial-Segundo-Semestre-1-768x768.jpg 768w, https:\/\/sescro.com.br\/blog\/wp-content\/uploads\/2024\/08\/Feed-relatorio-salarial-Segundo-Semestre-1-1536x1536.jpg 1536w, https:\/\/sescro.com.br\/blog\/wp-content\/uploads\/2024\/08\/Feed-relatorio-salarial-Segundo-Semestre-1.jpg 2000w\" sizes=\"(max-width: 1024px) 100vw, 1024px\" \/>\t\t\t\t\t<\/a>\n\t\t\t\t\t\t\t<\/div>\n\t\t\t<div class=\"uagb-post__text\"><span class=\"uagb-post__taxonomy highlighted\"><a href=\"https:\/\/sescro.com.br\/blog\/categorias\/sem-categoria\/\">Sem categoria<\/a><\/span><\/div>\t\t\t<h4 class=\"uagb-post__title uagb-post__text\">\n\t\t\t\t<a href=\"https:\/\/sescro.com.br\/blog\/sesc-rondonia-publica-2o-relatorio-de-transparencia-e-igualdade-salarial-de-mulheres-e-homens-2o-semestre-2024-do-governo-federal\/\" target=\"_self\" rel=\"bookmark noopener noreferrer\">SESC ROND\u00d4NIA PUBLICA 2\u00ba RELAT\u00d3RIO DE TRANSPAR\u00caNCIA E IGUALDADE SALARIAL DE MULHERES E HOMENS \u2013 2\u00ba SEMESTRE 2024 DO GOVERNO FEDERAL<\/a>\n\t\t\t<\/h4>\n\t\t\t\t\t\t<div class='uagb-post__text uagb-post-grid-byline'>\n\t\t\t\t\t\t\t<\/div>\n\t\t\t\n\t\t\t\t\t\t\t\t\t<\/article>\n\t\t\t\t\t\t\t\t\t\t\t\t\t\t\t\t<article class=\"uagb-post__inner-wrap\">\t\t\t\t\t\t\t\t<div class='uagb-post__image'>\n\t\t\t\t\t\t\t\t\t<a href=\"https:\/\/sescro.com.br\/blog\/sescronodiadodesafio\/\" target=\"_self\" rel=\"bookmark noopener noreferrer\" class='uagb-image-ratio-inherit'><img width=\"1024\" height=\"1024\" src=\"https:\/\/sescro.com.br\/blog\/wp-content\/uploads\/2024\/05\/capa_dia_do_desafio-1024x1024.png\" class=\"attachment-large size-large\" alt=\"\" decoding=\"async\" loading=\"lazy\" srcset=\"https:\/\/sescro.com.br\/blog\/wp-content\/uploads\/2024\/05\/capa_dia_do_desafio-1024x1024.png 1024w, https:\/\/sescro.com.br\/blog\/wp-content\/uploads\/2024\/05\/capa_dia_do_desafio-300x300.png 300w, https:\/\/sescro.com.br\/blog\/wp-content\/uploads\/2024\/05\/capa_dia_do_desafio-150x150.png 150w, https:\/\/sescro.com.br\/blog\/wp-content\/uploads\/2024\/05\/capa_dia_do_desafio-768x768.png 768w, https:\/\/sescro.com.br\/blog\/wp-content\/uploads\/2024\/05\/capa_dia_do_desafio.png 1080w\" sizes=\"(max-width: 1024px) 100vw, 1024px\" \/>\t\t\t\t\t<\/a>\n\t\t\t\t\t\t\t<\/div>\n\t\t\t<div class=\"uagb-post__text\"><span class=\"uagb-post__taxonomy highlighted\"><a href=\"https:\/\/sescro.com.br\/blog\/categorias\/sem-categoria\/\">Sem categoria<\/a><\/span><span class=\"uagb-post__taxonomy highlighted\"><a href=\"https:\/\/sescro.com.br\/blog\/categorias\/lazer\/\">Lazer<\/a><\/span><\/div>\t\t\t<h4 class=\"uagb-post__title uagb-post__text\">\n\t\t\t\t<a href=\"https:\/\/sescro.com.br\/blog\/sescronodiadodesafio\/\" target=\"_self\" rel=\"bookmark noopener noreferrer\">SESC ROND\u00d4NIA PARTICIPA DE MAIS UM \u2018DIA DO DESAFIO\u2019 DE INCENTIVO \u00c0 PR\u00c1TICA ATIVIDADE F\u00cdSICA<\/a>\n\t\t\t<\/h4>\n\t\t\t\t\t\t<div class='uagb-post__text uagb-post-grid-byline'>\n\t\t\t\t\t\t\t<\/div>\n\t\t\t\n\t\t\t\t\t\t\t\t\t<\/article>\n\t\t\t\t\t\t\t\t\t\t\t\t\t\t\t\t<article class=\"uagb-post__inner-wrap\">\t\t\t\t\t\t\t\t<div class='uagb-post__image'>\n\t\t\t\t\t\t\t\t\t<a href=\"https:\/\/sescro.com.br\/blog\/arte-da-palavra-chega-a-rondonia\/\" target=\"_self\" rel=\"bookmark noopener noreferrer\" class='uagb-image-ratio-inherit'><img width=\"1024\" height=\"1022\" src=\"https:\/\/sescro.com.br\/blog\/wp-content\/uploads\/2024\/05\/Arte_da_palavra_-_Manu_Azevedo_feed_01-1-1024x1022.png\" class=\"attachment-large size-large\" alt=\"\" decoding=\"async\" loading=\"lazy\" srcset=\"https:\/\/sescro.com.br\/blog\/wp-content\/uploads\/2024\/05\/Arte_da_palavra_-_Manu_Azevedo_feed_01-1-1024x1022.png 1024w, https:\/\/sescro.com.br\/blog\/wp-content\/uploads\/2024\/05\/Arte_da_palavra_-_Manu_Azevedo_feed_01-1-300x300.png 300w, https:\/\/sescro.com.br\/blog\/wp-content\/uploads\/2024\/05\/Arte_da_palavra_-_Manu_Azevedo_feed_01-1-150x150.png 150w, https:\/\/sescro.com.br\/blog\/wp-content\/uploads\/2024\/05\/Arte_da_palavra_-_Manu_Azevedo_feed_01-1-768x766.png 768w, https:\/\/sescro.com.br\/blog\/wp-content\/uploads\/2024\/05\/Arte_da_palavra_-_Manu_Azevedo_feed_01-1.png 1243w\" sizes=\"(max-width: 1024px) 100vw, 1024px\" \/>\t\t\t\t\t<\/a>\n\t\t\t\t\t\t\t<\/div>\n\t\t\t<div class=\"uagb-post__text\"><span class=\"uagb-post__taxonomy highlighted\"><a href=\"https:\/\/sescro.com.br\/blog\/categorias\/sem-categoria\/\">Sem categoria<\/a><\/span><\/div>\t\t\t<h4 class=\"uagb-post__title uagb-post__text\">\n\t\t\t\t<a href=\"https:\/\/sescro.com.br\/blog\/arte-da-palavra-chega-a-rondonia\/\" target=\"_self\" rel=\"bookmark noopener noreferrer\">ARTE DA PALAVRA: UNIDADES DO SESC EM ROND\u00d4NIA RECEBEM ESCRITORAS DO MT E RN<\/a>\n\t\t\t<\/h4>\n\t\t\t\t\t\t<div class='uagb-post__text uagb-post-grid-byline'>\n\t\t\t\t\t\t\t<\/div>\n\t\t\t\n\t\t\t\t\t\t\t\t\t<\/article>\n\t\t\t\t\t\t\t\t\t\t\t\t\t\t\t\t<article class=\"uagb-post__inner-wrap\">\t\t\t\t\t\t\t\t<div class='uagb-post__image'>\n\t\t\t\t\t\t\t\t\t<a href=\"https:\/\/sescro.com.br\/blog\/festcom-reune-centenas-de-comerciarios-e-empresarios-em-presidente-medici\/\" target=\"_self\" rel=\"bookmark noopener noreferrer\" class='uagb-image-ratio-inherit'><img width=\"827\" height=\"827\" src=\"https:\/\/sescro.com.br\/blog\/wp-content\/uploads\/2024\/05\/Fundo-slide-Festcom-blog.jpg\" class=\"attachment-large size-large\" alt=\"\" decoding=\"async\" loading=\"lazy\" srcset=\"https:\/\/sescro.com.br\/blog\/wp-content\/uploads\/2024\/05\/Fundo-slide-Festcom-blog.jpg 827w, https:\/\/sescro.com.br\/blog\/wp-content\/uploads\/2024\/05\/Fundo-slide-Festcom-blog-300x300.jpg 300w, https:\/\/sescro.com.br\/blog\/wp-content\/uploads\/2024\/05\/Fundo-slide-Festcom-blog-150x150.jpg 150w, https:\/\/sescro.com.br\/blog\/wp-content\/uploads\/2024\/05\/Fundo-slide-Festcom-blog-768x768.jpg 768w\" sizes=\"(max-width: 827px) 100vw, 827px\" \/>\t\t\t\t\t<\/a>\n\t\t\t\t\t\t\t<\/div>\n\t\t\t<div class=\"uagb-post__text\"><span class=\"uagb-post__taxonomy highlighted\"><a href=\"https:\/\/sescro.com.br\/blog\/categorias\/sem-categoria\/\">Sem categoria<\/a><\/span><\/div>\t\t\t<h4 class=\"uagb-post__title uagb-post__text\">\n\t\t\t\t<a href=\"https:\/\/sescro.com.br\/blog\/festcom-reune-centenas-de-comerciarios-e-empresarios-em-presidente-medici\/\" target=\"_self\" rel=\"bookmark noopener noreferrer\">FESTCOM RE\u00daNE CENTENAS DE COMERCI\u00c1RIOS E EMPRES\u00c1RIOS EM PRESIDENTE M\u00c9DICI<\/a>\n\t\t\t<\/h4>\n\t\t\t\t\t\t<div class='uagb-post__text uagb-post-grid-byline'>\n\t\t\t\t\t\t\t<\/div>\n\t\t\t\n\t\t\t\t\t\t\t\t\t<\/article>\n\t\t\t\t\t\t\t\t\t\t\t<\/div>\n\t\t\t\n\n\n<div style=\"height:200px\" aria-hidden=\"true\" class=\"wp-block-spacer\"><\/div>\n","protected":false},"excerpt":{"rendered":"","protected":false},"author":1,"featured_media":0,"parent":0,"menu_order":0,"comment_status":"closed","ping_status":"closed","template":"","meta":{"_uag_custom_page_level_css":"","_exactmetrics_skip_tracking":false,"_exactmetrics_sitenote_active":false,"_exactmetrics_sitenote_note":"","_exactmetrics_sitenote_category":0,"site-sidebar-layout":"default","site-content-layout":"","ast-site-content-layout":"default","site-content-style":"default","site-sidebar-style":"default","ast-global-header-display":"","ast-banner-title-visibility":"","ast-main-header-display":"","ast-hfb-above-header-display":"","ast-hfb-below-header-display":"","ast-hfb-mobile-header-display":"","site-post-title":"disabled","ast-breadcrumbs-content":"","ast-featured-img":"","footer-sml-layout":"","theme-transparent-header-meta":"","adv-header-id-meta":"","stick-header-meta":"","header-above-stick-meta":"","header-main-stick-meta":"","header-below-stick-meta":"","astra-migrate-meta-layouts":"set","ast-page-background-enabled":"default","ast-page-background-meta":{"desktop":{"background-color":"var(--ast-global-color-4)","background-image":"","background-repeat":"repeat","background-position":"center center","background-size":"auto","background-attachment":"scroll","background-type":"","background-media":"","overlay-type":"","overlay-color":"","overlay-opacity":"","overlay-gradient":""},"tablet":{"background-color":"","background-image":"","background-repeat":"repeat","background-position":"center center","background-size":"auto","background-attachment":"scroll","background-type":"","background-media":"","overlay-type":"","overlay-color":"","overlay-opacity":"","overlay-gradient":""},"mobile":{"background-color":"","background-image":"","background-repeat":"repeat","background-position":"center center","background-size":"auto","background-attachment":"scroll","background-type":"","background-media":"","overlay-type":"","overlay-color":"","overlay-opacity":"","overlay-gradient":""}},"ast-content-background-meta":{"desktop":{"background-color":"var(--ast-global-color-5)","background-image":"","background-repeat":"repeat","background-position":"center center","background-size":"auto","background-attachment":"scroll","background-type":"","background-media":"","overlay-type":"","overlay-color":"","overlay-opacity":"","overlay-gradient":""},"tablet":{"background-color":"var(--ast-global-color-5)","background-image":"","background-repeat":"repeat","background-position":"center center","background-size":"auto","background-attachment":"scroll","background-type":"","background-media":"","overlay-type":"","overlay-color":"","overlay-opacity":"","overlay-gradient":""},"mobile":{"background-color":"var(--ast-global-color-5)","background-image":"","background-repeat":"repeat","background-position":"center center","background-size":"auto","background-attachment":"scroll","background-type":"","background-media":"","overlay-type":"","overlay-color":"","overlay-opacity":"","overlay-gradient":""}}},"uagb_featured_image_src":{"full":false,"thumbnail":false,"medium":false,"medium_large":false,"large":false,"1536x1536":false,"2048x2048":false},"uagb_author_info":{"display_name":"jessicaguedes","author_link":"https:\/\/sescro.com.br\/blog\/author\/jessicaguedes\/"},"uagb_comment_info":0,"uagb_excerpt":null,"_links":{"self":[{"href":"https:\/\/sescro.com.br\/blog\/wp-json\/wp\/v2\/pages\/12"}],"collection":[{"href":"https:\/\/sescro.com.br\/blog\/wp-json\/wp\/v2\/pages"}],"about":[{"href":"https:\/\/sescro.com.br\/blog\/wp-json\/wp\/v2\/types\/page"}],"author":[{"embeddable":true,"href":"https:\/\/sescro.com.br\/blog\/wp-json\/wp\/v2\/users\/1"}],"replies":[{"embeddable":true,"href":"https:\/\/sescro.com.br\/blog\/wp-json\/wp\/v2\/comments?post=12"}],"version-history":[{"count":7,"href":"https:\/\/sescro.com.br\/blog\/wp-json\/wp\/v2\/pages\/12\/revisions"}],"predecessor-version":[{"id":236,"href":"https:\/\/sescro.com.br\/blog\/wp-json\/wp\/v2\/pages\/12\/revisions\/236"}],"wp:attachment":[{"href":"https:\/\/sescro.com.br\/blog\/wp-json\/wp\/v2\/media?parent=12"}],"curies":[{"name":"wp","href":"https:\/\/api.w.org\/{rel}","templated":true}]}}