{"id":126,"date":"2023-07-10T11:48:21","date_gmt":"2023-07-10T15:48:21","guid":{"rendered":"https:\/\/sescro.com.br\/sesc-novo\/blog\/?page_id=126"},"modified":"2023-07-13T11:19:44","modified_gmt":"2023-07-13T15:19:44","slug":"assistencia","status":"publish","type":"page","link":"https:\/\/sescro.com.br\/blog\/assistencia\/","title":{"rendered":"Assist\u00eancia"},"content":{"rendered":"\n<div class=\"wp-block-uagb-container uagb-block-a925eb9c alignfull uagb-is-root-container\"><div class=\"uagb-container-inner-blocks-wrap\">\n<div class=\"wp-block-uagb-info-box uagb-block-7ee8d4de uagb-infobox__content-wrap  uagb-infobox-icon-above-title uagb-infobox-image-valign-top\"><div class=\"uagb-ifb-content\"><div class=\"uagb-ifb-title-wrap\"><h3 class=\"uagb-ifb-title\">Assist\u00eancia<\/h3><\/div><\/div><\/div>\n<\/div><\/div>\n\n\n\n<div style=\"height:100px\" aria-hidden=\"true\" class=\"wp-block-spacer\"><\/div>\n\n\n\n\t\t\t<div class=\"wp-block-uagb-post-grid uagb-post-grid  uagb-post__image-position-top uagb-post__image-enabled uagb-block-9abc2b63     uagb-post__items uagb-post__columns-3 is-grid uagb-post__columns-tablet-2 uagb-post__columns-mobile-1 uagb-post__equal-height\" data-total=\"6\" style=\"\">\n\n\t\t\t\t\t\t\t\t\t\t\t\t<article class=\"uagb-post__inner-wrap\">\t\t\t\t\t\t\t\t<div class='uagb-post__image'>\n\t\t\t\t\t\t\t\t\t<a href=\"https:\/\/sescro.com.br\/blog\/sistema-fecomercio-por-meio-do-sesc-mesa-brasil-arrecada-11-toneladas-de-alimentos-no-tecno-game-brasil\/\" target=\"_self\" rel=\"bookmark noopener noreferrer\" class='uagb-image-ratio-inherit'><img width=\"768\" height=\"1024\" src=\"https:\/\/sescro.com.br\/blog\/wp-content\/uploads\/2026\/03\/WhatsApp-Image-2026-03-23-at-18.07.34-2-768x1024.jpeg\" class=\"attachment-large size-large\" alt=\"\" decoding=\"async\" loading=\"lazy\" srcset=\"https:\/\/sescro.com.br\/blog\/wp-content\/uploads\/2026\/03\/WhatsApp-Image-2026-03-23-at-18.07.34-2-768x1024.jpeg 768w, https:\/\/sescro.com.br\/blog\/wp-content\/uploads\/2026\/03\/WhatsApp-Image-2026-03-23-at-18.07.34-2-225x300.jpeg 225w, https:\/\/sescro.com.br\/blog\/wp-content\/uploads\/2026\/03\/WhatsApp-Image-2026-03-23-at-18.07.34-2.jpeg 960w\" sizes=\"(max-width: 768px) 100vw, 768px\" \/>\t\t\t\t\t<\/a>\n\t\t\t\t\t\t\t<\/div>\n\t\t\t<div class=\"uagb-post__text\"><span class=\"uagb-post__taxonomy highlighted\"><a href=\"https:\/\/sescro.com.br\/blog\/categorias\/assistencia\/\">Assist\u00eancia<\/a><\/span><\/div>\t\t\t<h4 class=\"uagb-post__title uagb-post__text\">\n\t\t\t\t<a href=\"https:\/\/sescro.com.br\/blog\/sistema-fecomercio-por-meio-do-sesc-mesa-brasil-arrecada-11-toneladas-de-alimentos-no-tecno-game-brasil\/\" target=\"_self\" rel=\"bookmark noopener noreferrer\">Sistema Fecom\u00e9rcio por meio do Sesc Mesa Brasil arrecada 11 toneladas de alimentos no Tecno Game Brasil<\/a>\n\t\t\t<\/h4>\n\t\t\t\t\t\t<div class='uagb-post__text uagb-post-grid-byline'>\n\t\t\t\t\t\t\t<\/div>\n\t\t\t\n\t\t\t\t\t\t\t\t\t<\/article>\n\t\t\t\t\t\t\t\t\t\t\t\t\t\t\t\t<article class=\"uagb-post__inner-wrap\">\t\t\t\t\t\t\t\t<div class='uagb-post__image'>\n\t\t\t\t\t\t\t\t\t<a href=\"https:\/\/sescro.com.br\/blog\/sistema-fecomercio-rondonia-e-bloco-porto-maria-unem-cultura-e-solidariedade-em-feijoada-beneficente\/\" target=\"_self\" rel=\"bookmark noopener noreferrer\" class='uagb-image-ratio-inherit'><img width=\"819\" height=\"1024\" src=\"https:\/\/sescro.com.br\/blog\/wp-content\/uploads\/2026\/02\/WhatsApp-Image-2026-02-11-at-14.18.49-819x1024.jpeg\" class=\"attachment-large size-large\" alt=\"\" decoding=\"async\" loading=\"lazy\" srcset=\"https:\/\/sescro.com.br\/blog\/wp-content\/uploads\/2026\/02\/WhatsApp-Image-2026-02-11-at-14.18.49-819x1024.jpeg 819w, https:\/\/sescro.com.br\/blog\/wp-content\/uploads\/2026\/02\/WhatsApp-Image-2026-02-11-at-14.18.49-240x300.jpeg 240w, https:\/\/sescro.com.br\/blog\/wp-content\/uploads\/2026\/02\/WhatsApp-Image-2026-02-11-at-14.18.49-768x960.jpeg 768w, https:\/\/sescro.com.br\/blog\/wp-content\/uploads\/2026\/02\/WhatsApp-Image-2026-02-11-at-14.18.49.jpeg 1080w\" sizes=\"(max-width: 819px) 100vw, 819px\" \/>\t\t\t\t\t<\/a>\n\t\t\t\t\t\t\t<\/div>\n\t\t\t<div class=\"uagb-post__text\"><span class=\"uagb-post__taxonomy highlighted\"><a href=\"https:\/\/sescro.com.br\/blog\/categorias\/assistencia\/\">Assist\u00eancia<\/a><\/span><span class=\"uagb-post__taxonomy highlighted\"><a href=\"https:\/\/sescro.com.br\/blog\/categorias\/cultura\/\">Cultura<\/a><\/span><\/div>\t\t\t<h4 class=\"uagb-post__title uagb-post__text\">\n\t\t\t\t<a href=\"https:\/\/sescro.com.br\/blog\/sistema-fecomercio-rondonia-e-bloco-porto-maria-unem-cultura-e-solidariedade-em-feijoada-beneficente\/\" target=\"_self\" rel=\"bookmark noopener noreferrer\">Sistema Fecom\u00e9rcio Rond\u00f4nia e Bloco Porto Maria unem cultura e solidariedade em feijoada beneficente<\/a>\n\t\t\t<\/h4>\n\t\t\t\t\t\t<div class='uagb-post__text uagb-post-grid-byline'>\n\t\t\t\t\t\t\t<\/div>\n\t\t\t\n\t\t\t\t\t\t\t\t\t<\/article>\n\t\t\t\t\t\t\t\t\t\t\t\t\t\t\t\t<article class=\"uagb-post__inner-wrap\">\t\t\t\t\t\t\t\t<div class='uagb-post__image'>\n\t\t\t\t\t\t\t\t\t<a href=\"https:\/\/sescro.com.br\/blog\/sistema-fecomercio-rondonia-lanca-campanha-natal-solidario\/\" target=\"_self\" rel=\"bookmark noopener noreferrer\" class='uagb-image-ratio-inherit'><img width=\"683\" height=\"1024\" src=\"https:\/\/sescro.com.br\/blog\/wp-content\/uploads\/2025\/12\/IMG_4269-683x1024.jpg\" class=\"attachment-large size-large\" alt=\"\" decoding=\"async\" loading=\"lazy\" srcset=\"https:\/\/sescro.com.br\/blog\/wp-content\/uploads\/2025\/12\/IMG_4269-683x1024.jpg 683w, https:\/\/sescro.com.br\/blog\/wp-content\/uploads\/2025\/12\/IMG_4269-200x300.jpg 200w, https:\/\/sescro.com.br\/blog\/wp-content\/uploads\/2025\/12\/IMG_4269-768x1152.jpg 768w, https:\/\/sescro.com.br\/blog\/wp-content\/uploads\/2025\/12\/IMG_4269-1024x1536.jpg 1024w, https:\/\/sescro.com.br\/blog\/wp-content\/uploads\/2025\/12\/IMG_4269-1365x2048.jpg 1365w, https:\/\/sescro.com.br\/blog\/wp-content\/uploads\/2025\/12\/IMG_4269-scaled.jpg 1707w\" sizes=\"(max-width: 683px) 100vw, 683px\" \/>\t\t\t\t\t<\/a>\n\t\t\t\t\t\t\t<\/div>\n\t\t\t<div class=\"uagb-post__text\"><span class=\"uagb-post__taxonomy highlighted\"><a href=\"https:\/\/sescro.com.br\/blog\/categorias\/assistencia\/\">Assist\u00eancia<\/a><\/span><\/div>\t\t\t<h4 class=\"uagb-post__title uagb-post__text\">\n\t\t\t\t<a href=\"https:\/\/sescro.com.br\/blog\/sistema-fecomercio-rondonia-lanca-campanha-natal-solidario\/\" target=\"_self\" rel=\"bookmark noopener noreferrer\">Sistema Fecom\u00e9rcio Rond\u00f4nia lan\u00e7a campanha &#8220;Natal Solid\u00e1rio&#8221;\u00a0<\/a>\n\t\t\t<\/h4>\n\t\t\t\t\t\t<div class='uagb-post__text uagb-post-grid-byline'>\n\t\t\t\t\t\t\t<\/div>\n\t\t\t\n\t\t\t\t\t\t\t\t\t<\/article>\n\t\t\t\t\t\t\t\t\t\t\t\t\t\t\t\t<article class=\"uagb-post__inner-wrap\">\t\t\t\t\t\t\t\t<div class='uagb-post__image'>\n\t\t\t\t\t\t\t\t\t<a href=\"https:\/\/sescro.com.br\/blog\/sistema-fecomercio-por-meio-do-sesc-realiza-festa-para-marcar-o-fim-do-ano-do-trabalho-social-com-pessoa-idosas\/\" target=\"_self\" rel=\"bookmark noopener noreferrer\" class='uagb-image-ratio-inherit'><img width=\"1024\" height=\"576\" src=\"https:\/\/sescro.com.br\/blog\/wp-content\/uploads\/2025\/11\/IMG_20241128_163809751-1024x576.jpg\" class=\"attachment-large size-large\" alt=\"\" decoding=\"async\" loading=\"lazy\" srcset=\"https:\/\/sescro.com.br\/blog\/wp-content\/uploads\/2025\/11\/IMG_20241128_163809751-1024x576.jpg 1024w, https:\/\/sescro.com.br\/blog\/wp-content\/uploads\/2025\/11\/IMG_20241128_163809751-300x169.jpg 300w, https:\/\/sescro.com.br\/blog\/wp-content\/uploads\/2025\/11\/IMG_20241128_163809751-768x432.jpg 768w, https:\/\/sescro.com.br\/blog\/wp-content\/uploads\/2025\/11\/IMG_20241128_163809751-1536x864.jpg 1536w, https:\/\/sescro.com.br\/blog\/wp-content\/uploads\/2025\/11\/IMG_20241128_163809751-2048x1153.jpg 2048w\" sizes=\"(max-width: 1024px) 100vw, 1024px\" \/>\t\t\t\t\t<\/a>\n\t\t\t\t\t\t\t<\/div>\n\t\t\t<div class=\"uagb-post__text\"><span class=\"uagb-post__taxonomy highlighted\"><a href=\"https:\/\/sescro.com.br\/blog\/categorias\/assistencia\/\">Assist\u00eancia<\/a><\/span><\/div>\t\t\t<h4 class=\"uagb-post__title uagb-post__text\">\n\t\t\t\t<a href=\"https:\/\/sescro.com.br\/blog\/sistema-fecomercio-por-meio-do-sesc-realiza-festa-para-marcar-o-fim-do-ano-do-trabalho-social-com-pessoa-idosas\/\" target=\"_self\" rel=\"bookmark noopener noreferrer\">Sistema Fecom\u00e9rcio por meio do Sesc realiza festa para marcar o fim do ano do Trabalho Social com pessoas idosas<\/a>\n\t\t\t<\/h4>\n\t\t\t\t\t\t<div class='uagb-post__text uagb-post-grid-byline'>\n\t\t\t\t\t\t\t<\/div>\n\t\t\t\n\t\t\t\t\t\t\t\t\t<\/article>\n\t\t\t\t\t\t\t\t\t\t\t\t\t\t\t\t<article class=\"uagb-post__inner-wrap\">\t\t\t\t\t\t\t\t<div class='uagb-post__image'>\n\t\t\t\t\t\t\t\t\t<a href=\"https:\/\/sescro.com.br\/blog\/acoes-do-programa-sesc-mesa-brasil-farao-parte-da-semana-s\/\" target=\"_self\" rel=\"bookmark noopener noreferrer\" class='uagb-image-ratio-inherit'><img width=\"1024\" height=\"682\" src=\"https:\/\/sescro.com.br\/blog\/wp-content\/uploads\/2025\/05\/1-ETAPA-SOS-AGUA-15.jpg\" class=\"attachment-large size-large\" alt=\"\" decoding=\"async\" loading=\"lazy\" \/>\t\t\t\t\t<\/a>\n\t\t\t\t\t\t\t<\/div>\n\t\t\t<div class=\"uagb-post__text\"><span class=\"uagb-post__taxonomy highlighted\"><a href=\"https:\/\/sescro.com.br\/blog\/categorias\/assistencia\/\">Assist\u00eancia<\/a><\/span><\/div>\t\t\t<h4 class=\"uagb-post__title uagb-post__text\">\n\t\t\t\t<a href=\"https:\/\/sescro.com.br\/blog\/acoes-do-programa-sesc-mesa-brasil-farao-parte-da-semana-s\/\" target=\"_self\" rel=\"bookmark noopener noreferrer\">A\u00e7\u00f5es do Programa Sesc Mesa Brasil far\u00e3o parte da Semana S<\/a>\n\t\t\t<\/h4>\n\t\t\t\t\t\t<div class='uagb-post__text uagb-post-grid-byline'>\n\t\t\t\t\t\t\t<\/div>\n\t\t\t\n\t\t\t\t\t\t\t\t\t<\/article>\n\t\t\t\t\t\t\t\t\t\t\t\t\t\t\t\t<article class=\"uagb-post__inner-wrap\">\t\t\t\t\t\t\t\t<div class='uagb-post__image'>\n\t\t\t\t\t\t\t\t\t<a href=\"https:\/\/sescro.com.br\/blog\/sesc-mesa-brasil-mobiliza-ajuda-para-ribeirinhos-atingidos-pela-cheia\/\" target=\"_self\" rel=\"bookmark noopener noreferrer\" class='uagb-image-ratio-inherit'><img width=\"819\" height=\"1024\" src=\"https:\/\/sescro.com.br\/blog\/wp-content\/uploads\/2025\/04\/Feed-SOS-PVH-819x1024.jpg\" class=\"attachment-large size-large\" alt=\"\" decoding=\"async\" loading=\"lazy\" srcset=\"https:\/\/sescro.com.br\/blog\/wp-content\/uploads\/2025\/04\/Feed-SOS-PVH-819x1024.jpg 819w, https:\/\/sescro.com.br\/blog\/wp-content\/uploads\/2025\/04\/Feed-SOS-PVH-240x300.jpg 240w, https:\/\/sescro.com.br\/blog\/wp-content\/uploads\/2025\/04\/Feed-SOS-PVH-768x960.jpg 768w, https:\/\/sescro.com.br\/blog\/wp-content\/uploads\/2025\/04\/Feed-SOS-PVH.jpg 1080w\" sizes=\"(max-width: 819px) 100vw, 819px\" \/>\t\t\t\t\t<\/a>\n\t\t\t\t\t\t\t<\/div>\n\t\t\t<div class=\"uagb-post__text\"><span class=\"uagb-post__taxonomy highlighted\"><a href=\"https:\/\/sescro.com.br\/blog\/categorias\/assistencia\/\">Assist\u00eancia<\/a><\/span><\/div>\t\t\t<h4 class=\"uagb-post__title uagb-post__text\">\n\t\t\t\t<a href=\"https:\/\/sescro.com.br\/blog\/sesc-mesa-brasil-mobiliza-ajuda-para-ribeirinhos-atingidos-pela-cheia\/\" target=\"_self\" rel=\"bookmark noopener noreferrer\">Sesc Mesa Brasil mobiliza ajuda para Ribeirinhos atingidos pela cheia<\/a>\n\t\t\t<\/h4>\n\t\t\t\t\t\t<div class='uagb-post__text uagb-post-grid-byline'>\n\t\t\t\t\t\t\t<\/div>\n\t\t\t\n\t\t\t\t\t\t\t\t\t<\/article>\n\t\t\t\t\t\t\t\t\t\t\t<\/div>\n\t\t\t\n\n\n<div style=\"height:200px\" aria-hidden=\"true\" class=\"wp-block-spacer\"><\/div>\n","protected":false},"excerpt":{"rendered":"","protected":false},"author":1,"featured_media":0,"parent":0,"menu_order":0,"comment_status":"closed","ping_status":"closed","template":"","meta":{"_uag_custom_page_level_css":"","_exactmetrics_skip_tracking":false,"_exactmetrics_sitenote_active":false,"_exactmetrics_sitenote_note":"","_exactmetrics_sitenote_category":0,"site-sidebar-layout":"default","site-content-layout":"","ast-site-content-layout":"","site-content-style":"default","site-sidebar-style":"default","ast-global-header-display":"","ast-banner-title-visibility":"","ast-main-header-display":"","ast-hfb-above-header-display":"","ast-hfb-below-header-display":"","ast-hfb-mobile-header-display":"","site-post-title":"disabled","ast-breadcrumbs-content":"","ast-featured-img":"","footer-sml-layout":"","theme-transparent-header-meta":"","adv-header-id-meta":"","stick-header-meta":"","header-above-stick-meta":"","header-main-stick-meta":"","header-below-stick-meta":"","astra-migrate-meta-layouts":"default","ast-page-background-enabled":"default","ast-page-background-meta":{"desktop":{"background-color":"var(--ast-global-color-4)","background-image":"","background-repeat":"repeat","background-position":"center center","background-size":"auto","background-attachment":"scroll","background-type":"","background-media":"","overlay-type":"","overlay-color":"","overlay-opacity":"","overlay-gradient":""},"tablet":{"background-color":"","background-image":"","background-repeat":"repeat","background-position":"center center","background-size":"auto","background-attachment":"scroll","background-type":"","background-media":"","overlay-type":"","overlay-color":"","overlay-opacity":"","overlay-gradient":""},"mobile":{"background-color":"","background-image":"","background-repeat":"repeat","background-position":"center center","background-size":"auto","background-attachment":"scroll","background-type":"","background-media":"","overlay-type":"","overlay-color":"","overlay-opacity":"","overlay-gradient":""}},"ast-content-background-meta":{"desktop":{"background-color":"var(--ast-global-color-5)","background-image":"","background-repeat":"repeat","background-position":"center center","background-size":"auto","background-attachment":"scroll","background-type":"","background-media":"","overlay-type":"","overlay-color":"","overlay-opacity":"","overlay-gradient":""},"tablet":{"background-color":"var(--ast-global-color-5)","background-image":"","background-repeat":"repeat","background-position":"center center","background-size":"auto","background-attachment":"scroll","background-type":"","background-media":"","overlay-type":"","overlay-color":"","overlay-opacity":"","overlay-gradient":""},"mobile":{"background-color":"var(--ast-global-color-5)","background-image":"","background-repeat":"repeat","background-position":"center center","background-size":"auto","background-attachment":"scroll","background-type":"","background-media":"","overlay-type":"","overlay-color":"","overlay-opacity":"","overlay-gradient":""}}},"uagb_featured_image_src":{"full":false,"thumbnail":false,"medium":false,"medium_large":false,"large":false,"1536x1536":false,"2048x2048":false},"uagb_author_info":{"display_name":"jessicaguedes","author_link":"https:\/\/sescro.com.br\/blog\/author\/jessicaguedes\/"},"uagb_comment_info":0,"uagb_excerpt":null,"_links":{"self":[{"href":"https:\/\/sescro.com.br\/blog\/wp-json\/wp\/v2\/pages\/126"}],"collection":[{"href":"https:\/\/sescro.com.br\/blog\/wp-json\/wp\/v2\/pages"}],"about":[{"href":"https:\/\/sescro.com.br\/blog\/wp-json\/wp\/v2\/types\/page"}],"author":[{"embeddable":true,"href":"https:\/\/sescro.com.br\/blog\/wp-json\/wp\/v2\/users\/1"}],"replies":[{"embeddable":true,"href":"https:\/\/sescro.com.br\/blog\/wp-json\/wp\/v2\/comments?post=126"}],"version-history":[{"count":4,"href":"https:\/\/sescro.com.br\/blog\/wp-json\/wp\/v2\/pages\/126\/revisions"}],"predecessor-version":[{"id":198,"href":"https:\/\/sescro.com.br\/blog\/wp-json\/wp\/v2\/pages\/126\/revisions\/198"}],"wp:attachment":[{"href":"https:\/\/sescro.com.br\/blog\/wp-json\/wp\/v2\/media?parent=126"}],"curies":[{"name":"wp","href":"https:\/\/api.w.org\/{rel}","templated":true}]}}