{"id":14,"date":"2023-06-26T10:49:28","date_gmt":"2023-06-26T14:49:28","guid":{"rendered":"https:\/\/sescro.com.br\/sesc-novo\/blog\/?page_id=14"},"modified":"2023-07-13T11:17:30","modified_gmt":"2023-07-13T15:17:30","slug":"lazer","status":"publish","type":"page","link":"https:\/\/sescro.com.br\/blog\/lazer\/","title":{"rendered":"Lazer"},"content":{"rendered":"\n<div class=\"wp-block-uagb-container uagb-block-5ea770fe alignfull uagb-is-root-container\"><div class=\"uagb-container-inner-blocks-wrap\">\n<div class=\"wp-block-uagb-info-box uagb-block-9e7d048b uagb-infobox__content-wrap  uagb-infobox-icon-above-title uagb-infobox-image-valign-top\"><div class=\"uagb-ifb-content\"><div class=\"uagb-ifb-title-wrap\"><h3 class=\"uagb-ifb-title\">Lazer<\/h3><\/div><\/div><\/div>\n<\/div><\/div>\n\n\n\n<div style=\"height:100px\" aria-hidden=\"true\" class=\"wp-block-spacer\"><\/div>\n\n\n\n\t\t\t<div class=\"wp-block-uagb-post-grid uagb-post-grid  uagb-post__image-position-top uagb-post__image-enabled uagb-block-9bf67c7b     uagb-post__items uagb-post__columns-3 is-grid uagb-post__columns-tablet-2 uagb-post__columns-mobile-1 uagb-post__equal-height\" data-total=\"10\" style=\"\">\n\n\t\t\t\t\t\t\t\t\t\t\t\t<article class=\"uagb-post__inner-wrap\">\t\t\t\t\t\t\t\t<div class='uagb-post__image'>\n\t\t\t\t\t\t\t\t\t<a href=\"https:\/\/sescro.com.br\/blog\/sesc-nova-mamore-abre-inscricoes-para-formacao-esportiva\/\" target=\"_self\" rel=\"bookmark noopener noreferrer\" class='uagb-image-ratio-inherit'><img width=\"819\" height=\"1024\" src=\"https:\/\/sescro.com.br\/blog\/wp-content\/uploads\/2026\/01\/Feed-Formacao-esportiva-Nova-Mamore-819x1024.jpg\" class=\"attachment-large size-large\" alt=\"\" decoding=\"async\" loading=\"lazy\" srcset=\"https:\/\/sescro.com.br\/blog\/wp-content\/uploads\/2026\/01\/Feed-Formacao-esportiva-Nova-Mamore-819x1024.jpg 819w, https:\/\/sescro.com.br\/blog\/wp-content\/uploads\/2026\/01\/Feed-Formacao-esportiva-Nova-Mamore-240x300.jpg 240w, https:\/\/sescro.com.br\/blog\/wp-content\/uploads\/2026\/01\/Feed-Formacao-esportiva-Nova-Mamore-768x960.jpg 768w, https:\/\/sescro.com.br\/blog\/wp-content\/uploads\/2026\/01\/Feed-Formacao-esportiva-Nova-Mamore.jpg 1080w\" sizes=\"(max-width: 819px) 100vw, 819px\" \/>\t\t\t\t\t<\/a>\n\t\t\t\t\t\t\t<\/div>\n\t\t\t<div class=\"uagb-post__text\"><span class=\"uagb-post__taxonomy highlighted\"><a href=\"https:\/\/sescro.com.br\/blog\/categorias\/lazer\/\">Lazer<\/a><\/span><\/div>\t\t\t<h4 class=\"uagb-post__title uagb-post__text\">\n\t\t\t\t<a href=\"https:\/\/sescro.com.br\/blog\/sesc-nova-mamore-abre-inscricoes-para-formacao-esportiva\/\" target=\"_self\" rel=\"bookmark noopener noreferrer\">Sesc Nova Mamor\u00e9 abre inscri\u00e7\u00f5es para Forma\u00e7\u00e3o Esportiva<\/a>\n\t\t\t<\/h4>\n\t\t\t\t\t\t<div class='uagb-post__text uagb-post-grid-byline'>\n\t\t\t\t\t\t\t<\/div>\n\t\t\t\n\t\t\t\t\t\t\t\t\t<\/article>\n\t\t\t\t\t\t\t\t\t\t\t\t\t\t\t\t<article class=\"uagb-post__inner-wrap\">\t\t\t\t\t\t\t\t<div class='uagb-post__image'>\n\t\t\t\t\t\t\t\t\t<a href=\"https:\/\/sescro.com.br\/blog\/sesc-rondonia-promove-a-3a-edicao-do-sesc-games\/\" target=\"_self\" rel=\"bookmark noopener noreferrer\" class='uagb-image-ratio-inherit'><img width=\"1024\" height=\"683\" src=\"https:\/\/sescro.com.br\/blog\/wp-content\/uploads\/2025\/11\/DSC04643-1024x683.jpg\" class=\"attachment-large size-large\" alt=\"\" decoding=\"async\" loading=\"lazy\" srcset=\"https:\/\/sescro.com.br\/blog\/wp-content\/uploads\/2025\/11\/DSC04643-1024x683.jpg 1024w, https:\/\/sescro.com.br\/blog\/wp-content\/uploads\/2025\/11\/DSC04643-300x200.jpg 300w, https:\/\/sescro.com.br\/blog\/wp-content\/uploads\/2025\/11\/DSC04643-768x512.jpg 768w, https:\/\/sescro.com.br\/blog\/wp-content\/uploads\/2025\/11\/DSC04643-1536x1024.jpg 1536w, https:\/\/sescro.com.br\/blog\/wp-content\/uploads\/2025\/11\/DSC04643.jpg 2048w\" sizes=\"(max-width: 1024px) 100vw, 1024px\" \/>\t\t\t\t\t<\/a>\n\t\t\t\t\t\t\t<\/div>\n\t\t\t<div class=\"uagb-post__text\"><span class=\"uagb-post__taxonomy highlighted\"><a href=\"https:\/\/sescro.com.br\/blog\/categorias\/lazer\/\">Lazer<\/a><\/span><\/div>\t\t\t<h4 class=\"uagb-post__title uagb-post__text\">\n\t\t\t\t<a href=\"https:\/\/sescro.com.br\/blog\/sesc-rondonia-promove-a-3a-edicao-do-sesc-games\/\" target=\"_self\" rel=\"bookmark noopener noreferrer\">Sesc Rond\u00f4nia promove a 3\u00aa Edi\u00e7\u00e3o do Sesc Games<\/a>\n\t\t\t<\/h4>\n\t\t\t\t\t\t<div class='uagb-post__text uagb-post-grid-byline'>\n\t\t\t\t\t\t\t<\/div>\n\t\t\t\n\t\t\t\t\t\t\t\t\t<\/article>\n\t\t\t\t\t\t\t\t\t\t\t\t\t\t\t\t<article class=\"uagb-post__inner-wrap\">\t\t\t\t\t\t\t\t<div class='uagb-post__image'>\n\t\t\t\t\t\t\t\t\t<a href=\"https:\/\/sescro.com.br\/blog\/sistema-fecomercio-rondonia-encerra-programacao-do-sesc-crianca-com-sucesso-e-inclusao\/\" target=\"_self\" rel=\"bookmark noopener noreferrer\" class='uagb-image-ratio-inherit'><img width=\"1024\" height=\"683\" src=\"https:\/\/sescro.com.br\/blog\/wp-content\/uploads\/2025\/10\/DSC09669-1024x683.jpg\" class=\"attachment-large size-large\" alt=\"\" decoding=\"async\" loading=\"lazy\" srcset=\"https:\/\/sescro.com.br\/blog\/wp-content\/uploads\/2025\/10\/DSC09669-1024x683.jpg 1024w, https:\/\/sescro.com.br\/blog\/wp-content\/uploads\/2025\/10\/DSC09669-300x200.jpg 300w, https:\/\/sescro.com.br\/blog\/wp-content\/uploads\/2025\/10\/DSC09669-768x512.jpg 768w, https:\/\/sescro.com.br\/blog\/wp-content\/uploads\/2025\/10\/DSC09669-1536x1024.jpg 1536w, https:\/\/sescro.com.br\/blog\/wp-content\/uploads\/2025\/10\/DSC09669-2048x1365.jpg 2048w\" sizes=\"(max-width: 1024px) 100vw, 1024px\" \/>\t\t\t\t\t<\/a>\n\t\t\t\t\t\t\t<\/div>\n\t\t\t<div class=\"uagb-post__text\"><span class=\"uagb-post__taxonomy highlighted\"><a href=\"https:\/\/sescro.com.br\/blog\/categorias\/turismo\/\">Turismo<\/a><\/span><span class=\"uagb-post__taxonomy highlighted\"><a href=\"https:\/\/sescro.com.br\/blog\/categorias\/lazer\/\">Lazer<\/a><\/span><\/div>\t\t\t<h4 class=\"uagb-post__title uagb-post__text\">\n\t\t\t\t<a href=\"https:\/\/sescro.com.br\/blog\/sistema-fecomercio-rondonia-encerra-programacao-do-sesc-crianca-com-sucesso-e-inclusao\/\" target=\"_self\" rel=\"bookmark noopener noreferrer\">Sistema Fecom\u00e9rcio Rond\u00f4nia encerra programa\u00e7\u00e3o do Sesc Crian\u00e7a com sucesso e inclus\u00e3o<\/a>\n\t\t\t<\/h4>\n\t\t\t\t\t\t<div class='uagb-post__text uagb-post-grid-byline'>\n\t\t\t\t\t\t\t<\/div>\n\t\t\t\n\t\t\t\t\t\t\t\t\t<\/article>\n\t\t\t\t\t\t\t\t\t\t\t\t\t\t\t\t<article class=\"uagb-post__inner-wrap\">\t\t\t\t\t\t\t\t<div class='uagb-post__image'>\n\t\t\t\t\t\t\t\t\t<a href=\"https:\/\/sescro.com.br\/blog\/brincando-nas-ferias-leva-aprendizado-e-diversao-para-criancas-e-adolescentes-em-rondonia\/\" target=\"_self\" rel=\"bookmark noopener noreferrer\" class='uagb-image-ratio-inherit'><img width=\"1024\" height=\"684\" src=\"https:\/\/sescro.com.br\/blog\/wp-content\/uploads\/2025\/08\/DSC_4380-1024x684.jpg\" class=\"attachment-large size-large\" alt=\"\" decoding=\"async\" loading=\"lazy\" srcset=\"https:\/\/sescro.com.br\/blog\/wp-content\/uploads\/2025\/08\/DSC_4380-1024x684.jpg 1024w, https:\/\/sescro.com.br\/blog\/wp-content\/uploads\/2025\/08\/DSC_4380-300x200.jpg 300w, https:\/\/sescro.com.br\/blog\/wp-content\/uploads\/2025\/08\/DSC_4380-768x513.jpg 768w, https:\/\/sescro.com.br\/blog\/wp-content\/uploads\/2025\/08\/DSC_4380-1536x1025.jpg 1536w, https:\/\/sescro.com.br\/blog\/wp-content\/uploads\/2025\/08\/DSC_4380-2048x1367.jpg 2048w\" sizes=\"(max-width: 1024px) 100vw, 1024px\" \/>\t\t\t\t\t<\/a>\n\t\t\t\t\t\t\t<\/div>\n\t\t\t<div class=\"uagb-post__text\"><span class=\"uagb-post__taxonomy highlighted\"><a href=\"https:\/\/sescro.com.br\/blog\/categorias\/lazer\/\">Lazer<\/a><\/span><\/div>\t\t\t<h4 class=\"uagb-post__title uagb-post__text\">\n\t\t\t\t<a href=\"https:\/\/sescro.com.br\/blog\/brincando-nas-ferias-leva-aprendizado-e-diversao-para-criancas-e-adolescentes-em-rondonia\/\" target=\"_self\" rel=\"bookmark noopener noreferrer\">Brincando nas F\u00e9rias leva aprendizado e divers\u00e3o para crian\u00e7as e adolescentes em Rond\u00f4nia\u00a0<\/a>\n\t\t\t<\/h4>\n\t\t\t\t\t\t<div class='uagb-post__text uagb-post-grid-byline'>\n\t\t\t\t\t\t\t<\/div>\n\t\t\t\n\t\t\t\t\t\t\t\t\t<\/article>\n\t\t\t\t\t\t\t\t\t\t\t\t\t\t\t\t<article class=\"uagb-post__inner-wrap\">\t\t\t\t\t\t\t\t<div class='uagb-post__image'>\n\t\t\t\t\t\t\t\t\t<a href=\"https:\/\/sescro.com.br\/blog\/inscricoes-abertas-para-o-projeto-brincando-nas-ferias-em-nova-mamore\/\" target=\"_self\" rel=\"bookmark noopener noreferrer\" class='uagb-image-ratio-inherit'><img width=\"1024\" height=\"684\" src=\"https:\/\/sescro.com.br\/blog\/wp-content\/uploads\/2025\/07\/Brincando-nas-Ferias-1\u00b0-Dia-210-1024x684.jpg\" class=\"attachment-large size-large\" alt=\"\" decoding=\"async\" loading=\"lazy\" srcset=\"https:\/\/sescro.com.br\/blog\/wp-content\/uploads\/2025\/07\/Brincando-nas-Ferias-1\u00b0-Dia-210-1024x684.jpg 1024w, https:\/\/sescro.com.br\/blog\/wp-content\/uploads\/2025\/07\/Brincando-nas-Ferias-1\u00b0-Dia-210-300x200.jpg 300w, https:\/\/sescro.com.br\/blog\/wp-content\/uploads\/2025\/07\/Brincando-nas-Ferias-1\u00b0-Dia-210-768x513.jpg 768w, https:\/\/sescro.com.br\/blog\/wp-content\/uploads\/2025\/07\/Brincando-nas-Ferias-1\u00b0-Dia-210-1536x1025.jpg 1536w, https:\/\/sescro.com.br\/blog\/wp-content\/uploads\/2025\/07\/Brincando-nas-Ferias-1\u00b0-Dia-210-2048x1367.jpg 2048w\" sizes=\"(max-width: 1024px) 100vw, 1024px\" \/>\t\t\t\t\t<\/a>\n\t\t\t\t\t\t\t<\/div>\n\t\t\t<div class=\"uagb-post__text\"><span class=\"uagb-post__taxonomy highlighted\"><a href=\"https:\/\/sescro.com.br\/blog\/categorias\/lazer\/\">Lazer<\/a><\/span><\/div>\t\t\t<h4 class=\"uagb-post__title uagb-post__text\">\n\t\t\t\t<a href=\"https:\/\/sescro.com.br\/blog\/inscricoes-abertas-para-o-projeto-brincando-nas-ferias-em-nova-mamore\/\" target=\"_self\" rel=\"bookmark noopener noreferrer\">Inscri\u00e7\u00f5es abertas para o Projeto \u201cBrincando nas F\u00e9rias\u201d em Nova Mamor\u00e9<\/a>\n\t\t\t<\/h4>\n\t\t\t\t\t\t<div class='uagb-post__text uagb-post-grid-byline'>\n\t\t\t\t\t\t\t<\/div>\n\t\t\t\n\t\t\t\t\t\t\t\t\t<\/article>\n\t\t\t\t\t\t\t\t\t\t\t\t\t\t\t\t<article class=\"uagb-post__inner-wrap\">\t\t\t\t\t\t\t\t<div class='uagb-post__image'>\n\t\t\t\t\t\t\t\t\t<a href=\"https:\/\/sescro.com.br\/blog\/sesc-realiza-a-42a-edicao-do-jocom\/\" target=\"_self\" rel=\"bookmark noopener noreferrer\" class='uagb-image-ratio-inherit'><img width=\"819\" height=\"1024\" src=\"https:\/\/sescro.com.br\/blog\/wp-content\/uploads\/2025\/06\/Jocom_2025_01-819x1024.jpg\" class=\"attachment-large size-large\" alt=\"\" decoding=\"async\" loading=\"lazy\" srcset=\"https:\/\/sescro.com.br\/blog\/wp-content\/uploads\/2025\/06\/Jocom_2025_01-819x1024.jpg 819w, https:\/\/sescro.com.br\/blog\/wp-content\/uploads\/2025\/06\/Jocom_2025_01-240x300.jpg 240w, https:\/\/sescro.com.br\/blog\/wp-content\/uploads\/2025\/06\/Jocom_2025_01-768x960.jpg 768w, https:\/\/sescro.com.br\/blog\/wp-content\/uploads\/2025\/06\/Jocom_2025_01-1229x1536.jpg 1229w, https:\/\/sescro.com.br\/blog\/wp-content\/uploads\/2025\/06\/Jocom_2025_01.jpg 1240w\" sizes=\"(max-width: 819px) 100vw, 819px\" \/>\t\t\t\t\t<\/a>\n\t\t\t\t\t\t\t<\/div>\n\t\t\t<div class=\"uagb-post__text\"><span class=\"uagb-post__taxonomy highlighted\"><a href=\"https:\/\/sescro.com.br\/blog\/categorias\/lazer\/\">Lazer<\/a><\/span><\/div>\t\t\t<h4 class=\"uagb-post__title uagb-post__text\">\n\t\t\t\t<a href=\"https:\/\/sescro.com.br\/blog\/sesc-realiza-a-42a-edicao-do-jocom\/\" target=\"_self\" rel=\"bookmark noopener noreferrer\">Sesc realiza a 42\u00aa edi\u00e7\u00e3o do JOCOM\u00a0<\/a>\n\t\t\t<\/h4>\n\t\t\t\t\t\t<div class='uagb-post__text uagb-post-grid-byline'>\n\t\t\t\t\t\t\t<\/div>\n\t\t\t\n\t\t\t\t\t\t\t\t\t<\/article>\n\t\t\t\t\t\t\t\t\t\t\t<\/div>\n\t\t\t\n\n\n<div style=\"height:200px\" aria-hidden=\"true\" class=\"wp-block-spacer\"><\/div>\n","protected":false},"excerpt":{"rendered":"","protected":false},"author":1,"featured_media":0,"parent":0,"menu_order":0,"comment_status":"closed","ping_status":"closed","template":"","meta":{"_uag_custom_page_level_css":"","_exactmetrics_skip_tracking":false,"_exactmetrics_sitenote_active":false,"_exactmetrics_sitenote_note":"","_exactmetrics_sitenote_category":0,"site-sidebar-layout":"default","site-content-layout":"","ast-site-content-layout":"","site-content-style":"default","site-sidebar-style":"default","ast-global-header-display":"","ast-banner-title-visibility":"","ast-main-header-display":"","ast-hfb-above-header-display":"","ast-hfb-below-header-display":"","ast-hfb-mobile-header-display":"","site-post-title":"disabled","ast-breadcrumbs-content":"","ast-featured-img":"","footer-sml-layout":"","theme-transparent-header-meta":"","adv-header-id-meta":"","stick-header-meta":"","header-above-stick-meta":"","header-main-stick-meta":"","header-below-stick-meta":"","astra-migrate-meta-layouts":"default","ast-page-background-enabled":"default","ast-page-background-meta":{"desktop":{"background-color":"var(--ast-global-color-4)","background-image":"","background-repeat":"repeat","background-position":"center center","background-size":"auto","background-attachment":"scroll","background-type":"","background-media":"","overlay-type":"","overlay-color":"","overlay-opacity":"","overlay-gradient":""},"tablet":{"background-color":"","background-image":"","background-repeat":"repeat","background-position":"center center","background-size":"auto","background-attachment":"scroll","background-type":"","background-media":"","overlay-type":"","overlay-color":"","overlay-opacity":"","overlay-gradient":""},"mobile":{"background-color":"","background-image":"","background-repeat":"repeat","background-position":"center center","background-size":"auto","background-attachment":"scroll","background-type":"","background-media":"","overlay-type":"","overlay-color":"","overlay-opacity":"","overlay-gradient":""}},"ast-content-background-meta":{"desktop":{"background-color":"var(--ast-global-color-5)","background-image":"","background-repeat":"repeat","background-position":"center center","background-size":"auto","background-attachment":"scroll","background-type":"","background-media":"","overlay-type":"","overlay-color":"","overlay-opacity":"","overlay-gradient":""},"tablet":{"background-color":"var(--ast-global-color-5)","background-image":"","background-repeat":"repeat","background-position":"center center","background-size":"auto","background-attachment":"scroll","background-type":"","background-media":"","overlay-type":"","overlay-color":"","overlay-opacity":"","overlay-gradient":""},"mobile":{"background-color":"var(--ast-global-color-5)","background-image":"","background-repeat":"repeat","background-position":"center center","background-size":"auto","background-attachment":"scroll","background-type":"","background-media":"","overlay-type":"","overlay-color":"","overlay-opacity":"","overlay-gradient":""}}},"uagb_featured_image_src":{"full":false,"thumbnail":false,"medium":false,"medium_large":false,"large":false,"1536x1536":false,"2048x2048":false},"uagb_author_info":{"display_name":"jessicaguedes","author_link":"https:\/\/sescro.com.br\/blog\/author\/jessicaguedes\/"},"uagb_comment_info":0,"uagb_excerpt":null,"_links":{"self":[{"href":"https:\/\/sescro.com.br\/blog\/wp-json\/wp\/v2\/pages\/14"}],"collection":[{"href":"https:\/\/sescro.com.br\/blog\/wp-json\/wp\/v2\/pages"}],"about":[{"href":"https:\/\/sescro.com.br\/blog\/wp-json\/wp\/v2\/types\/page"}],"author":[{"embeddable":true,"href":"https:\/\/sescro.com.br\/blog\/wp-json\/wp\/v2\/users\/1"}],"replies":[{"embeddable":true,"href":"https:\/\/sescro.com.br\/blog\/wp-json\/wp\/v2\/comments?post=14"}],"version-history":[{"count":6,"href":"https:\/\/sescro.com.br\/blog\/wp-json\/wp\/v2\/pages\/14\/revisions"}],"predecessor-version":[{"id":196,"href":"https:\/\/sescro.com.br\/blog\/wp-json\/wp\/v2\/pages\/14\/revisions\/196"}],"wp:attachment":[{"href":"https:\/\/sescro.com.br\/blog\/wp-json\/wp\/v2\/media?parent=14"}],"curies":[{"name":"wp","href":"https:\/\/api.w.org\/{rel}","templated":true}]}}