{"id":16,"date":"2023-06-26T10:49:54","date_gmt":"2023-06-26T14:49:54","guid":{"rendered":"https:\/\/sescro.com.br\/sesc-novo\/blog\/?page_id=16"},"modified":"2023-09-04T16:30:11","modified_gmt":"2023-09-04T20:30:11","slug":"saude","status":"publish","type":"page","link":"https:\/\/sescro.com.br\/blog\/saude\/","title":{"rendered":"Sa\u00fade"},"content":{"rendered":"\n<div class=\"wp-block-uagb-container uagb-block-2a8d57b3 alignfull uagb-is-root-container\"><div class=\"uagb-container-inner-blocks-wrap\">\n<div class=\"wp-block-uagb-info-box uagb-block-1d2ae076 uagb-infobox__content-wrap  uagb-infobox-icon-above-title uagb-infobox-image-valign-top\"><div class=\"uagb-ifb-content\"><div class=\"uagb-ifb-title-wrap\"><h3 class=\"uagb-ifb-title\">Sa\u00fade<\/h3><\/div><\/div><\/div>\n<\/div><\/div>\n\n\n\n<div style=\"height:100px\" aria-hidden=\"true\" class=\"wp-block-spacer\"><\/div>\n\n\n\n\t\t\t<div class=\"wp-block-uagb-post-grid uagb-post-grid  uagb-post__image-position-top uagb-post__image-enabled uagb-block-8e017a11     uagb-post__items uagb-post__columns-3 is-grid uagb-post__columns-tablet-2 uagb-post__columns-mobile-1 uagb-post__equal-height\" data-total=\"3\" style=\"\">\n\n\t\t\t\t\t\t\t\t\t\t\t\t<article class=\"uagb-post__inner-wrap\">\t\t\t\t\t\t\t\t<div class='uagb-post__image'>\n\t\t\t\t\t\t\t\t\t<a href=\"https:\/\/sescro.com.br\/blog\/sesc-rondonia-recebe-mencao-honrosa-por-projeto-sustentavel-de-biodigestor\/\" target=\"_self\" rel=\"bookmark noopener noreferrer\" class='uagb-image-ratio-inherit'><img width=\"1024\" height=\"1024\" src=\"https:\/\/sescro.com.br\/blog\/wp-content\/uploads\/2024\/12\/foto-biodigestor-1024x1024.jpg\" class=\"attachment-large size-large\" alt=\"\" decoding=\"async\" loading=\"lazy\" srcset=\"https:\/\/sescro.com.br\/blog\/wp-content\/uploads\/2024\/12\/foto-biodigestor-1024x1024.jpg 1024w, https:\/\/sescro.com.br\/blog\/wp-content\/uploads\/2024\/12\/foto-biodigestor-300x300.jpg 300w, https:\/\/sescro.com.br\/blog\/wp-content\/uploads\/2024\/12\/foto-biodigestor-150x150.jpg 150w, https:\/\/sescro.com.br\/blog\/wp-content\/uploads\/2024\/12\/foto-biodigestor-768x768.jpg 768w, https:\/\/sescro.com.br\/blog\/wp-content\/uploads\/2024\/12\/foto-biodigestor.jpg 1080w\" sizes=\"(max-width: 1024px) 100vw, 1024px\" \/>\t\t\t\t\t<\/a>\n\t\t\t\t\t\t\t<\/div>\n\t\t\t<div class=\"uagb-post__text\"><span class=\"uagb-post__taxonomy highlighted\"><a href=\"https:\/\/sescro.com.br\/blog\/categorias\/saude\/\">Sa\u00fade<\/a><\/span><\/div>\t\t\t<h4 class=\"uagb-post__title uagb-post__text\">\n\t\t\t\t<a href=\"https:\/\/sescro.com.br\/blog\/sesc-rondonia-recebe-mencao-honrosa-por-projeto-sustentavel-de-biodigestor\/\" target=\"_self\" rel=\"bookmark noopener noreferrer\">SESC ROND\u00d4NIA RECEBE MEN\u00c7\u00c3O HONROSA POR PROJETO SUSTENT\u00c1VEL DE BIODIGESTOR<\/a>\n\t\t\t<\/h4>\n\t\t\t\t\t\t<div class='uagb-post__text uagb-post-grid-byline'>\n\t\t\t\t\t\t\t<\/div>\n\t\t\t\n\t\t\t\t\t\t\t\t\t<\/article>\n\t\t\t\t\t\t\t\t\t\t\t\t\t\t\t\t<article class=\"uagb-post__inner-wrap\">\t\t\t\t\t\t\t\t<div class='uagb-post__image'>\n\t\t\t\t\t\t\t\t\t<a href=\"https:\/\/sescro.com.br\/blog\/junho-vermelho-sesc-rondonia-em-acao-pela-doacao-de-sangue\/\" target=\"_self\" rel=\"bookmark noopener noreferrer\" class='uagb-image-ratio-inherit'><img width=\"1024\" height=\"1024\" src=\"https:\/\/sescro.com.br\/blog\/wp-content\/uploads\/2024\/06\/Campanha_doacao_de_sangue_-_01-1024x1024.png\" class=\"attachment-large size-large\" alt=\"\" decoding=\"async\" loading=\"lazy\" srcset=\"https:\/\/sescro.com.br\/blog\/wp-content\/uploads\/2024\/06\/Campanha_doacao_de_sangue_-_01-1024x1024.png 1024w, https:\/\/sescro.com.br\/blog\/wp-content\/uploads\/2024\/06\/Campanha_doacao_de_sangue_-_01-300x300.png 300w, https:\/\/sescro.com.br\/blog\/wp-content\/uploads\/2024\/06\/Campanha_doacao_de_sangue_-_01-150x150.png 150w, https:\/\/sescro.com.br\/blog\/wp-content\/uploads\/2024\/06\/Campanha_doacao_de_sangue_-_01-768x769.png 768w, https:\/\/sescro.com.br\/blog\/wp-content\/uploads\/2024\/06\/Campanha_doacao_de_sangue_-_01.png 1240w\" sizes=\"(max-width: 1024px) 100vw, 1024px\" \/>\t\t\t\t\t<\/a>\n\t\t\t\t\t\t\t<\/div>\n\t\t\t<div class=\"uagb-post__text\"><span class=\"uagb-post__taxonomy highlighted\"><a href=\"https:\/\/sescro.com.br\/blog\/categorias\/saude\/\">Sa\u00fade<\/a><\/span><\/div>\t\t\t<h4 class=\"uagb-post__title uagb-post__text\">\n\t\t\t\t<a href=\"https:\/\/sescro.com.br\/blog\/junho-vermelho-sesc-rondonia-em-acao-pela-doacao-de-sangue\/\" target=\"_self\" rel=\"bookmark noopener noreferrer\">JUNHO VERMELHO: SESC ROND\u00d4NIA EM A\u00c7\u00c3O PELA DOA\u00c7\u00c3O DE SANGUE<\/a>\n\t\t\t<\/h4>\n\t\t\t\t\t\t<div class='uagb-post__text uagb-post-grid-byline'>\n\t\t\t\t\t\t\t<\/div>\n\t\t\t\n\t\t\t\t\t\t\t\t\t<\/article>\n\t\t\t\t\t\t\t\t\t\t\t\t\t\t\t\t<article class=\"uagb-post__inner-wrap\">\t\t\t\t\t\t\t\t<div class='uagb-post__image'>\n\t\t\t\t\t\t\t\t\t<a href=\"https:\/\/sescro.com.br\/blog\/maio-roxo-cuidados-com-disturbios-intestinais\/\" target=\"_self\" rel=\"bookmark noopener noreferrer\" class='uagb-image-ratio-inherit'><img width=\"1024\" height=\"1024\" src=\"https:\/\/sescro.com.br\/blog\/wp-content\/uploads\/2024\/05\/Maio-Roxo-blog-1024x1024.jpg\" class=\"attachment-large size-large\" alt=\"\" decoding=\"async\" loading=\"lazy\" srcset=\"https:\/\/sescro.com.br\/blog\/wp-content\/uploads\/2024\/05\/Maio-Roxo-blog-1024x1024.jpg 1024w, https:\/\/sescro.com.br\/blog\/wp-content\/uploads\/2024\/05\/Maio-Roxo-blog-300x300.jpg 300w, https:\/\/sescro.com.br\/blog\/wp-content\/uploads\/2024\/05\/Maio-Roxo-blog-150x150.jpg 150w, https:\/\/sescro.com.br\/blog\/wp-content\/uploads\/2024\/05\/Maio-Roxo-blog-768x768.jpg 768w, https:\/\/sescro.com.br\/blog\/wp-content\/uploads\/2024\/05\/Maio-Roxo-blog.jpg 1240w\" sizes=\"(max-width: 1024px) 100vw, 1024px\" \/>\t\t\t\t\t<\/a>\n\t\t\t\t\t\t\t<\/div>\n\t\t\t<div class=\"uagb-post__text\"><span class=\"uagb-post__taxonomy highlighted\"><a href=\"https:\/\/sescro.com.br\/blog\/categorias\/saude\/\">Sa\u00fade<\/a><\/span><\/div>\t\t\t<h4 class=\"uagb-post__title uagb-post__text\">\n\t\t\t\t<a href=\"https:\/\/sescro.com.br\/blog\/maio-roxo-cuidados-com-disturbios-intestinais\/\" target=\"_self\" rel=\"bookmark noopener noreferrer\">MAIO ROXO: CUIDADOS COM DIST\u00daRBIOS INTESTINAIS<\/a>\n\t\t\t<\/h4>\n\t\t\t\t\t\t<div class='uagb-post__text uagb-post-grid-byline'>\n\t\t\t\t\t\t\t<\/div>\n\t\t\t\n\t\t\t\t\t\t\t\t\t<\/article>\n\t\t\t\t\t\t\t\t\t\t\t\t\t\t\t\t<article class=\"uagb-post__inner-wrap\">\t\t\t\t\t\t\t\t<div class='uagb-post__image'>\n\t\t\t\t\t\t\t\t\t<a href=\"https:\/\/sescro.com.br\/blog\/abril-verde-sesc-rondonia-adere-campanha-em-prol-da-saude-e-seguranca-no-trabalho\/\" target=\"_self\" rel=\"bookmark noopener noreferrer\" class='uagb-image-ratio-inherit'><img width=\"1024\" height=\"1024\" src=\"https:\/\/sescro.com.br\/blog\/wp-content\/uploads\/2024\/04\/quadrado_abril_verde-1024x1024.jpg\" class=\"attachment-large size-large\" alt=\"\" decoding=\"async\" loading=\"lazy\" srcset=\"https:\/\/sescro.com.br\/blog\/wp-content\/uploads\/2024\/04\/quadrado_abril_verde-1024x1024.jpg 1024w, https:\/\/sescro.com.br\/blog\/wp-content\/uploads\/2024\/04\/quadrado_abril_verde-300x300.jpg 300w, https:\/\/sescro.com.br\/blog\/wp-content\/uploads\/2024\/04\/quadrado_abril_verde-150x150.jpg 150w, https:\/\/sescro.com.br\/blog\/wp-content\/uploads\/2024\/04\/quadrado_abril_verde-768x768.jpg 768w, https:\/\/sescro.com.br\/blog\/wp-content\/uploads\/2024\/04\/quadrado_abril_verde.jpg 1080w\" sizes=\"(max-width: 1024px) 100vw, 1024px\" \/>\t\t\t\t\t<\/a>\n\t\t\t\t\t\t\t<\/div>\n\t\t\t<div class=\"uagb-post__text\"><span class=\"uagb-post__taxonomy highlighted\"><a href=\"https:\/\/sescro.com.br\/blog\/categorias\/saude\/\">Sa\u00fade<\/a><\/span><\/div>\t\t\t<h4 class=\"uagb-post__title uagb-post__text\">\n\t\t\t\t<a href=\"https:\/\/sescro.com.br\/blog\/abril-verde-sesc-rondonia-adere-campanha-em-prol-da-saude-e-seguranca-no-trabalho\/\" target=\"_self\" rel=\"bookmark noopener noreferrer\">ABRIL VERDE: SESC ROND\u00d4NIA ADERE CAMPANHA EM PROL DA SA\u00daDE E SEGURAN\u00c7A NO TRABALHO<\/a>\n\t\t\t<\/h4>\n\t\t\t\t\t\t<div class='uagb-post__text uagb-post-grid-byline'>\n\t\t\t\t\t\t\t<\/div>\n\t\t\t\n\t\t\t\t\t\t\t\t\t<\/article>\n\t\t\t\t\t\t\t\t\t\t\t\t\t\t\t\t<article class=\"uagb-post__inner-wrap\">\t\t\t\t\t\t\t\t<div class='uagb-post__image'>\n\t\t\t\t\t\t\t\t\t<a href=\"https:\/\/sescro.com.br\/blog\/atendimentos-de-fisioterapia-do-sesc-rondonia-sao-abertos-a-populacao\/\" target=\"_self\" rel=\"bookmark noopener noreferrer\" class='uagb-image-ratio-inherit'><img width=\"1024\" height=\"1024\" src=\"https:\/\/sescro.com.br\/blog\/wp-content\/uploads\/2024\/04\/feed01_fisio_agenda-1024x1024.jpg\" class=\"attachment-large size-large\" alt=\"\" decoding=\"async\" loading=\"lazy\" srcset=\"https:\/\/sescro.com.br\/blog\/wp-content\/uploads\/2024\/04\/feed01_fisio_agenda-1024x1024.jpg 1024w, https:\/\/sescro.com.br\/blog\/wp-content\/uploads\/2024\/04\/feed01_fisio_agenda-300x300.jpg 300w, https:\/\/sescro.com.br\/blog\/wp-content\/uploads\/2024\/04\/feed01_fisio_agenda-150x150.jpg 150w, https:\/\/sescro.com.br\/blog\/wp-content\/uploads\/2024\/04\/feed01_fisio_agenda-768x768.jpg 768w, https:\/\/sescro.com.br\/blog\/wp-content\/uploads\/2024\/04\/feed01_fisio_agenda.jpg 1080w\" sizes=\"(max-width: 1024px) 100vw, 1024px\" \/>\t\t\t\t\t<\/a>\n\t\t\t\t\t\t\t<\/div>\n\t\t\t<div class=\"uagb-post__text\"><span class=\"uagb-post__taxonomy highlighted\"><a href=\"https:\/\/sescro.com.br\/blog\/categorias\/saude\/\">Sa\u00fade<\/a><\/span><\/div>\t\t\t<h4 class=\"uagb-post__title uagb-post__text\">\n\t\t\t\t<a href=\"https:\/\/sescro.com.br\/blog\/atendimentos-de-fisioterapia-do-sesc-rondonia-sao-abertos-a-populacao\/\" target=\"_self\" rel=\"bookmark noopener noreferrer\">ATENDIMENTOS DE FISIOTERAPIA DO SESC ROND\u00d4NIA S\u00c3O ABERTOS \u00c0 POPULA\u00c7\u00c3O<\/a>\n\t\t\t<\/h4>\n\t\t\t\t\t\t<div class='uagb-post__text uagb-post-grid-byline'>\n\t\t\t\t\t\t\t<\/div>\n\t\t\t\n\t\t\t\t\t\t\t\t\t<\/article>\n\t\t\t\t\t\t\t\t\t\t\t\t\t\t\t\t<article class=\"uagb-post__inner-wrap\">\t\t\t\t\t\t\t\t<div class='uagb-post__image'>\n\t\t\t\t\t\t\t\t\t<a href=\"https:\/\/sescro.com.br\/blog\/prevencao-a-obesidade-e-combate-ao-sedentarismo\/\" target=\"_self\" rel=\"bookmark noopener noreferrer\" class='uagb-image-ratio-inherit'><img width=\"824\" height=\"824\" src=\"https:\/\/sescro.com.br\/blog\/wp-content\/uploads\/2024\/03\/quadrada.jpg\" class=\"attachment-large size-large\" alt=\"\" decoding=\"async\" loading=\"lazy\" srcset=\"https:\/\/sescro.com.br\/blog\/wp-content\/uploads\/2024\/03\/quadrada.jpg 824w, https:\/\/sescro.com.br\/blog\/wp-content\/uploads\/2024\/03\/quadrada-300x300.jpg 300w, https:\/\/sescro.com.br\/blog\/wp-content\/uploads\/2024\/03\/quadrada-150x150.jpg 150w, https:\/\/sescro.com.br\/blog\/wp-content\/uploads\/2024\/03\/quadrada-768x768.jpg 768w\" sizes=\"(max-width: 824px) 100vw, 824px\" \/>\t\t\t\t\t<\/a>\n\t\t\t\t\t\t\t<\/div>\n\t\t\t<div class=\"uagb-post__text\"><span class=\"uagb-post__taxonomy highlighted\"><a href=\"https:\/\/sescro.com.br\/blog\/categorias\/lazer\/\">Lazer<\/a><\/span><span class=\"uagb-post__taxonomy highlighted\"><a href=\"https:\/\/sescro.com.br\/blog\/categorias\/saude\/\">Sa\u00fade<\/a><\/span><\/div>\t\t\t<h4 class=\"uagb-post__title uagb-post__text\">\n\t\t\t\t<a href=\"https:\/\/sescro.com.br\/blog\/prevencao-a-obesidade-e-combate-ao-sedentarismo\/\" target=\"_self\" rel=\"bookmark noopener noreferrer\">PREVEN\u00c7\u00c3O A OBESIDADE E COMBATE AO SEDENTARISMO<\/a>\n\t\t\t<\/h4>\n\t\t\t\t\t\t<div class='uagb-post__text uagb-post-grid-byline'>\n\t\t\t\t\t\t\t<\/div>\n\t\t\t\n\t\t\t\t\t\t\t\t\t<\/article>\n\t\t\t\t\t\t\t\t\t\t\t<\/div>\n\t\t\t\n\n\n<div style=\"height:200px\" aria-hidden=\"true\" class=\"wp-block-spacer\"><\/div>\n","protected":false},"excerpt":{"rendered":"","protected":false},"author":1,"featured_media":0,"parent":0,"menu_order":0,"comment_status":"closed","ping_status":"closed","template":"","meta":{"_uag_custom_page_level_css":"","_exactmetrics_skip_tracking":false,"_exactmetrics_sitenote_active":false,"_exactmetrics_sitenote_note":"","_exactmetrics_sitenote_category":0,"site-sidebar-layout":"default","site-content-layout":"","ast-site-content-layout":"default","site-content-style":"default","site-sidebar-style":"default","ast-global-header-display":"","ast-banner-title-visibility":"","ast-main-header-display":"","ast-hfb-above-header-display":"","ast-hfb-below-header-display":"","ast-hfb-mobile-header-display":"","site-post-title":"disabled","ast-breadcrumbs-content":"","ast-featured-img":"","footer-sml-layout":"","theme-transparent-header-meta":"","adv-header-id-meta":"","stick-header-meta":"","header-above-stick-meta":"","header-main-stick-meta":"","header-below-stick-meta":"","astra-migrate-meta-layouts":"set","ast-page-background-enabled":"default","ast-page-background-meta":{"desktop":{"background-color":"var(--ast-global-color-4)","background-image":"","background-repeat":"repeat","background-position":"center center","background-size":"auto","background-attachment":"scroll","background-type":"","background-media":"","overlay-type":"","overlay-color":"","overlay-opacity":"","overlay-gradient":""},"tablet":{"background-color":"","background-image":"","background-repeat":"repeat","background-position":"center center","background-size":"auto","background-attachment":"scroll","background-type":"","background-media":"","overlay-type":"","overlay-color":"","overlay-opacity":"","overlay-gradient":""},"mobile":{"background-color":"","background-image":"","background-repeat":"repeat","background-position":"center center","background-size":"auto","background-attachment":"scroll","background-type":"","background-media":"","overlay-type":"","overlay-color":"","overlay-opacity":"","overlay-gradient":""}},"ast-content-background-meta":{"desktop":{"background-color":"var(--ast-global-color-5)","background-image":"","background-repeat":"repeat","background-position":"center center","background-size":"auto","background-attachment":"scroll","background-type":"","background-media":"","overlay-type":"","overlay-color":"","overlay-opacity":"","overlay-gradient":""},"tablet":{"background-color":"var(--ast-global-color-5)","background-image":"","background-repeat":"repeat","background-position":"center center","background-size":"auto","background-attachment":"scroll","background-type":"","background-media":"","overlay-type":"","overlay-color":"","overlay-opacity":"","overlay-gradient":""},"mobile":{"background-color":"var(--ast-global-color-5)","background-image":"","background-repeat":"repeat","background-position":"center center","background-size":"auto","background-attachment":"scroll","background-type":"","background-media":"","overlay-type":"","overlay-color":"","overlay-opacity":"","overlay-gradient":""}}},"uagb_featured_image_src":{"full":false,"thumbnail":false,"medium":false,"medium_large":false,"large":false,"1536x1536":false,"2048x2048":false},"uagb_author_info":{"display_name":"jessicaguedes","author_link":"https:\/\/sescro.com.br\/blog\/author\/jessicaguedes\/"},"uagb_comment_info":0,"uagb_excerpt":null,"_links":{"self":[{"href":"https:\/\/sescro.com.br\/blog\/wp-json\/wp\/v2\/pages\/16"}],"collection":[{"href":"https:\/\/sescro.com.br\/blog\/wp-json\/wp\/v2\/pages"}],"about":[{"href":"https:\/\/sescro.com.br\/blog\/wp-json\/wp\/v2\/types\/page"}],"author":[{"embeddable":true,"href":"https:\/\/sescro.com.br\/blog\/wp-json\/wp\/v2\/users\/1"}],"replies":[{"embeddable":true,"href":"https:\/\/sescro.com.br\/blog\/wp-json\/wp\/v2\/comments?post=16"}],"version-history":[{"count":7,"href":"https:\/\/sescro.com.br\/blog\/wp-json\/wp\/v2\/pages\/16\/revisions"}],"predecessor-version":[{"id":323,"href":"https:\/\/sescro.com.br\/blog\/wp-json\/wp\/v2\/pages\/16\/revisions\/323"}],"wp:attachment":[{"href":"https:\/\/sescro.com.br\/blog\/wp-json\/wp\/v2\/media?parent=16"}],"curies":[{"name":"wp","href":"https:\/\/api.w.org\/{rel}","templated":true}]}}