{"id":7,"date":"2023-06-26T10:48:24","date_gmt":"2023-06-26T14:48:24","guid":{"rendered":"https:\/\/sescro.com.br\/sesc-novo\/blog\/?page_id=7"},"modified":"2023-10-24T09:24:55","modified_gmt":"2023-10-24T13:24:55","slug":"home","status":"publish","type":"page","link":"https:\/\/sescro.com.br\/blog\/","title":{"rendered":"Home"},"content":{"rendered":"\n<div class=\"wp-block-uagb-container uagb-block-ecb3572a alignfull uagb-is-root-container\"><div class=\"uagb-container-inner-blocks-wrap\">\n<div class=\"wp-block-uagb-info-box uagb-block-dfa0dbcc uagb-infobox__content-wrap  uagb-infobox-icon-above-title uagb-infobox-image-valign-top\"><div class=\"uagb-ifb-content\"><div class=\"uagb-ifb-title-wrap\"><h3 class=\"uagb-ifb-title\">Blog do Sesc Rond\u00f4nia<\/h3><\/div><p class=\"uagb-ifb-desc\">Junte-se a n\u00f3s e explore o que h\u00e1 de melhor em sa\u00fade, lazer, cultura, educa\u00e7\u00e3o e assist\u00eancia. Estamos aqui para oferecer a voc\u00ea um espa\u00e7o repleto de informa\u00e7\u00f5es inspiradoras e dicas pr\u00e1ticas que ir\u00e3o enriquecer sua vida.<\/p><\/div><\/div>\n<\/div><\/div>\n\n\n\n<div class=\"wp-block-uagb-container uagb-block-7d4f802c alignfull uagb-is-root-container\"><div class=\"uagb-container-inner-blocks-wrap\">\n<div class=\"wp-block-uagb-container uagb-block-624035a2\">\n\t\t\t<div class=\"wp-block-uagb-post-grid uagb-post-grid  uagb-post__image-position-top uagb-post__image-enabled uagb-block-9c458dc7     uagb-post__items uagb-post__columns-1 is-grid uagb-post__columns-tablet-2 uagb-post__columns-mobile-1 uagb-post__equal-height\" data-total=\"44\" style=\"\">\n\n\t\t\t\t\t\t\t\t\t\t\t\t<article class=\"uagb-post__inner-wrap\">\t\t\t\t\t\t\t\t<div class='uagb-post__image'>\n\t\t\t\t\t\t\t\t\t<a href=\"https:\/\/sescro.com.br\/blog\/sesc-rondonia-recebe-mencao-honrosa-por-projeto-sustentavel-de-biodigestor\/\" target=\"_self\" rel=\"bookmark noopener noreferrer\" class='uagb-image-ratio-2-3'><img width=\"1024\" height=\"1024\" src=\"https:\/\/sescro.com.br\/blog\/wp-content\/uploads\/2024\/12\/foto-biodigestor-1024x1024.jpg\" class=\"attachment-large size-large\" alt=\"\" decoding=\"async\" loading=\"lazy\" srcset=\"https:\/\/sescro.com.br\/blog\/wp-content\/uploads\/2024\/12\/foto-biodigestor-1024x1024.jpg 1024w, https:\/\/sescro.com.br\/blog\/wp-content\/uploads\/2024\/12\/foto-biodigestor-300x300.jpg 300w, https:\/\/sescro.com.br\/blog\/wp-content\/uploads\/2024\/12\/foto-biodigestor-150x150.jpg 150w, https:\/\/sescro.com.br\/blog\/wp-content\/uploads\/2024\/12\/foto-biodigestor-768x768.jpg 768w, https:\/\/sescro.com.br\/blog\/wp-content\/uploads\/2024\/12\/foto-biodigestor.jpg 1080w\" sizes=\"(max-width: 1024px) 100vw, 1024px\" \/>\t\t\t\t\t<\/a>\n\t\t\t\t\t\t\t<\/div>\n\t\t\t\t\t\t<h4 class=\"uagb-post__title uagb-post__text\">\n\t\t\t\t<a href=\"https:\/\/sescro.com.br\/blog\/sesc-rondonia-recebe-mencao-honrosa-por-projeto-sustentavel-de-biodigestor\/\" target=\"_self\" rel=\"bookmark noopener noreferrer\">SESC ROND\u00d4NIA RECEBE MEN\u00c7\u00c3O HONROSA POR PROJETO SUSTENT\u00c1VEL DE BIODIGESTOR<\/a>\n\t\t\t<\/h4>\n\t\t\t\t\t\t<div class='uagb-post__text uagb-post-grid-byline'>\n\t\t\t\t\t\t\t<\/div>\n\t\t\t\n\t\t\t\t\t\t\t\t\t<\/article>\n\t\t\t\t\t\t\t\t\t\t\t<\/div>\n\t\t\t<\/div>\n\n\n\n<div class=\"wp-block-uagb-container uagb-block-a7f35286\">\n\t\t\t<div class=\"wp-block-uagb-post-grid uagb-post-grid  uagb-post__image-position-top uagb-post__image-enabled uagb-block-46168ede     uagb-post__items uagb-post__columns-1 is-grid uagb-post__columns-tablet-2 uagb-post__columns-mobile-1 uagb-post__equal-height\" data-total=\"19\" style=\"\">\n\n\t\t\t\t\t\t\t\t\t\t\t\t<article class=\"uagb-post__inner-wrap\">\t\t\t\t\t\t\t\t<div class='uagb-post__image'>\n\t\t\t\t\t\t\t\t\t<a href=\"https:\/\/sescro.com.br\/blog\/inscricoes-para-o-criar-sesc-nas-unidades-de-rondonia-estao-abertas\/\" target=\"_self\" rel=\"bookmark noopener noreferrer\" class='uagb-image-ratio-inherit'><img width=\"1080\" height=\"1080\" src=\"https:\/\/sescro.com.br\/blog\/wp-content\/uploads\/2024\/11\/Feed_Criar-Sesc-2025.webp\" class=\"attachment-full size-full\" alt=\"\" decoding=\"async\" loading=\"lazy\" srcset=\"https:\/\/sescro.com.br\/blog\/wp-content\/uploads\/2024\/11\/Feed_Criar-Sesc-2025.webp 1080w, https:\/\/sescro.com.br\/blog\/wp-content\/uploads\/2024\/11\/Feed_Criar-Sesc-2025-300x300.webp 300w, https:\/\/sescro.com.br\/blog\/wp-content\/uploads\/2024\/11\/Feed_Criar-Sesc-2025-1024x1024.webp 1024w, https:\/\/sescro.com.br\/blog\/wp-content\/uploads\/2024\/11\/Feed_Criar-Sesc-2025-150x150.webp 150w, https:\/\/sescro.com.br\/blog\/wp-content\/uploads\/2024\/11\/Feed_Criar-Sesc-2025-768x768.webp 768w\" sizes=\"(max-width: 1080px) 100vw, 1080px\" \/>\t\t\t\t\t<\/a>\n\t\t\t\t\t\t\t<\/div>\n\t\t\t\t\t\t<h4 class=\"uagb-post__title uagb-post__text\">\n\t\t\t\t<a href=\"https:\/\/sescro.com.br\/blog\/inscricoes-para-o-criar-sesc-nas-unidades-de-rondonia-estao-abertas\/\" target=\"_self\" rel=\"bookmark noopener noreferrer\">INSCRI\u00c7\u00d5ES PARA O \u2018CRIAR SESC\u2019 NAS UNIDADES DE ROND\u00d4NIA EST\u00c3O ABERTAS<\/a>\n\t\t\t<\/h4>\n\t\t\t\t\t\t<div class='uagb-post__text uagb-post-grid-byline'>\n\t\t\t\t\t\t\t<\/div>\n\t\t\t\n\t\t\t\t\t\t\t\t\t<\/article>\n\t\t\t\t\t\t\t\t\t\t\t<\/div>\n\t\t\t<\/div>\n<\/div><\/div>\n\n\n\n<div class=\"wp-block-uagb-container uagb-block-35edc26c alignfull uagb-is-root-container\"><div class=\"uagb-container-inner-blocks-wrap\">\n\t\t\t<div class=\"wp-block-uagb-post-grid uagb-post-grid  uagb-post__image-position-top uagb-post__image-enabled uagb-block-52e65752     uagb-post__items uagb-post__columns-3 is-grid uagb-post__columns-tablet-2 uagb-post__columns-mobile-1 uagb-post__equal-height\" data-total=\"41\" style=\"\">\n\n\t\t\t\t\t\t\t\t\t\t\t\t<article class=\"uagb-post__inner-wrap\">\t\t\t\t\t\t\t\t<div class='uagb-post__image'>\n\t\t\t\t\t\t\t\t\t<a href=\"https:\/\/sescro.com.br\/blog\/4a-feirinha-do-sesc-presidente-medici-reune-cerca-de-800-pessoas-e-fortalece-o-comercio-local\/\" target=\"_self\" rel=\"bookmark noopener noreferrer\" class='uagb-image-ratio-inherit'><img width=\"1024\" height=\"768\" src=\"https:\/\/sescro.com.br\/blog\/wp-content\/uploads\/2026\/04\/WhatsApp-Image-2026-04-11-at-19.44.36-1024x768.jpeg\" class=\"attachment-large size-large\" alt=\"\" decoding=\"async\" loading=\"lazy\" srcset=\"https:\/\/sescro.com.br\/blog\/wp-content\/uploads\/2026\/04\/WhatsApp-Image-2026-04-11-at-19.44.36-1024x768.jpeg 1024w, https:\/\/sescro.com.br\/blog\/wp-content\/uploads\/2026\/04\/WhatsApp-Image-2026-04-11-at-19.44.36-300x225.jpeg 300w, https:\/\/sescro.com.br\/blog\/wp-content\/uploads\/2026\/04\/WhatsApp-Image-2026-04-11-at-19.44.36-768x576.jpeg 768w, https:\/\/sescro.com.br\/blog\/wp-content\/uploads\/2026\/04\/WhatsApp-Image-2026-04-11-at-19.44.36.jpeg 1280w\" sizes=\"(max-width: 1024px) 100vw, 1024px\" \/>\t\t\t\t\t<\/a>\n\t\t\t\t\t\t\t<\/div>\n\t\t\t<div class=\"uagb-post__text\"><span class=\"uagb-post__taxonomy highlighted\"><a href=\"https:\/\/sescro.com.br\/blog\/categorias\/administracao\/\">Administra\u00e7\u00e3o<\/a><\/span><\/div>\t\t\t<h4 class=\"uagb-post__title uagb-post__text\">\n\t\t\t\t<a href=\"https:\/\/sescro.com.br\/blog\/4a-feirinha-do-sesc-presidente-medici-reune-cerca-de-800-pessoas-e-fortalece-o-comercio-local\/\" target=\"_self\" rel=\"bookmark noopener noreferrer\">4\u00aa Feirinha do Sesc Presidente M\u00e9dici re\u00fane cerca de 800 pessoas e fortalece o com\u00e9rcio local<\/a>\n\t\t\t<\/h4>\n\t\t\t\t\t\t<div class='uagb-post__text uagb-post-grid-byline'>\n\t\t\t\t\t\t\t<\/div>\n\t\t\t\n\t\t\t\t\t\t\t\t\t<\/article>\n\t\t\t\t\t\t\t\t\t\t\t\t\t\t\t\t<article class=\"uagb-post__inner-wrap\">\t\t\t\t\t\t\t\t<div class='uagb-post__image'>\n\t\t\t\t\t\t\t\t\t<a href=\"https:\/\/sescro.com.br\/blog\/sesc-rondonia-faz-historia-e-conquista-certificacao-great-place-to-work-pela-primeira-vez\/\" target=\"_self\" rel=\"bookmark noopener noreferrer\" class='uagb-image-ratio-inherit'><img width=\"1024\" height=\"768\" src=\"https:\/\/sescro.com.br\/blog\/wp-content\/uploads\/2026\/04\/20260410_152232-1024x768.jpg\" class=\"attachment-large size-large\" alt=\"\" decoding=\"async\" loading=\"lazy\" srcset=\"https:\/\/sescro.com.br\/blog\/wp-content\/uploads\/2026\/04\/20260410_152232-1024x768.jpg 1024w, https:\/\/sescro.com.br\/blog\/wp-content\/uploads\/2026\/04\/20260410_152232-300x225.jpg 300w, https:\/\/sescro.com.br\/blog\/wp-content\/uploads\/2026\/04\/20260410_152232-768x576.jpg 768w, https:\/\/sescro.com.br\/blog\/wp-content\/uploads\/2026\/04\/20260410_152232-1536x1152.jpg 1536w, https:\/\/sescro.com.br\/blog\/wp-content\/uploads\/2026\/04\/20260410_152232-2048x1536.jpg 2048w\" sizes=\"(max-width: 1024px) 100vw, 1024px\" \/>\t\t\t\t\t<\/a>\n\t\t\t\t\t\t\t<\/div>\n\t\t\t<div class=\"uagb-post__text\"><span class=\"uagb-post__taxonomy highlighted\"><a href=\"https:\/\/sescro.com.br\/blog\/categorias\/administracao\/\">Administra\u00e7\u00e3o<\/a><\/span><\/div>\t\t\t<h4 class=\"uagb-post__title uagb-post__text\">\n\t\t\t\t<a href=\"https:\/\/sescro.com.br\/blog\/sesc-rondonia-faz-historia-e-conquista-certificacao-great-place-to-work-pela-primeira-vez\/\" target=\"_self\" rel=\"bookmark noopener noreferrer\">Sesc Rond\u00f4nia faz hist\u00f3ria e conquista certifica\u00e7\u00e3o Great Place to Work pela primeira vez<\/a>\n\t\t\t<\/h4>\n\t\t\t\t\t\t<div class='uagb-post__text uagb-post-grid-byline'>\n\t\t\t\t\t\t\t<\/div>\n\t\t\t\n\t\t\t\t\t\t\t\t\t<\/article>\n\t\t\t\t\t\t\t\t\t\t\t\t\t\t\t\t<article class=\"uagb-post__inner-wrap\">\t\t\t\t\t\t\t\t<div class='uagb-post__image'>\n\t\t\t\t\t\t\t\t\t<a href=\"https:\/\/sescro.com.br\/blog\/sesc-centro-cultural-gladstone-frota-abre-inscricoes-para-cursos-em-porto-velho\/\" target=\"_self\" rel=\"bookmark noopener noreferrer\" class='uagb-image-ratio-inherit'><img width=\"819\" height=\"1024\" src=\"https:\/\/sescro.com.br\/blog\/wp-content\/uploads\/2026\/04\/Cursos-CCS-819x1024.jpg\" class=\"attachment-large size-large\" alt=\"\" decoding=\"async\" loading=\"lazy\" srcset=\"https:\/\/sescro.com.br\/blog\/wp-content\/uploads\/2026\/04\/Cursos-CCS-819x1024.jpg 819w, https:\/\/sescro.com.br\/blog\/wp-content\/uploads\/2026\/04\/Cursos-CCS-240x300.jpg 240w, https:\/\/sescro.com.br\/blog\/wp-content\/uploads\/2026\/04\/Cursos-CCS-768x960.jpg 768w, https:\/\/sescro.com.br\/blog\/wp-content\/uploads\/2026\/04\/Cursos-CCS.jpg 1080w\" sizes=\"(max-width: 819px) 100vw, 819px\" \/>\t\t\t\t\t<\/a>\n\t\t\t\t\t\t\t<\/div>\n\t\t\t<div class=\"uagb-post__text\"><span class=\"uagb-post__taxonomy highlighted\"><a href=\"https:\/\/sescro.com.br\/blog\/categorias\/cultura\/\">Cultura<\/a><\/span><\/div>\t\t\t<h4 class=\"uagb-post__title uagb-post__text\">\n\t\t\t\t<a href=\"https:\/\/sescro.com.br\/blog\/sesc-centro-cultural-gladstone-frota-abre-inscricoes-para-cursos-em-porto-velho\/\" target=\"_self\" rel=\"bookmark noopener noreferrer\">Sesc Centro Cultural Gladstone Frota abre inscri\u00e7\u00f5es para cursos em Porto Velho<\/a>\n\t\t\t<\/h4>\n\t\t\t\t\t\t<div class='uagb-post__text uagb-post-grid-byline'>\n\t\t\t\t\t\t\t<\/div>\n\t\t\t\n\t\t\t\t\t\t\t\t\t<\/article>\n\t\t\t\t\t\t\t\t\t\t\t\t\t\t\t\t<article class=\"uagb-post__inner-wrap\">\t\t\t\t\t\t\t\t<div class='uagb-post__image'>\n\t\t\t\t\t\t\t\t\t<a href=\"https:\/\/sescro.com.br\/blog\/sistema-fecomercio-por-meio-do-sesc-mesa-brasil-arrecada-11-toneladas-de-alimentos-no-tecno-game-brasil\/\" target=\"_self\" rel=\"bookmark noopener noreferrer\" class='uagb-image-ratio-inherit'><img width=\"768\" height=\"1024\" src=\"https:\/\/sescro.com.br\/blog\/wp-content\/uploads\/2026\/03\/WhatsApp-Image-2026-03-23-at-18.07.34-2-768x1024.jpeg\" class=\"attachment-large size-large\" alt=\"\" decoding=\"async\" loading=\"lazy\" srcset=\"https:\/\/sescro.com.br\/blog\/wp-content\/uploads\/2026\/03\/WhatsApp-Image-2026-03-23-at-18.07.34-2-768x1024.jpeg 768w, https:\/\/sescro.com.br\/blog\/wp-content\/uploads\/2026\/03\/WhatsApp-Image-2026-03-23-at-18.07.34-2-225x300.jpeg 225w, https:\/\/sescro.com.br\/blog\/wp-content\/uploads\/2026\/03\/WhatsApp-Image-2026-03-23-at-18.07.34-2.jpeg 960w\" sizes=\"(max-width: 768px) 100vw, 768px\" \/>\t\t\t\t\t<\/a>\n\t\t\t\t\t\t\t<\/div>\n\t\t\t<div class=\"uagb-post__text\"><span class=\"uagb-post__taxonomy highlighted\"><a href=\"https:\/\/sescro.com.br\/blog\/categorias\/assistencia\/\">Assist\u00eancia<\/a><\/span><\/div>\t\t\t<h4 class=\"uagb-post__title uagb-post__text\">\n\t\t\t\t<a href=\"https:\/\/sescro.com.br\/blog\/sistema-fecomercio-por-meio-do-sesc-mesa-brasil-arrecada-11-toneladas-de-alimentos-no-tecno-game-brasil\/\" target=\"_self\" rel=\"bookmark noopener noreferrer\">Sistema Fecom\u00e9rcio por meio do Sesc Mesa Brasil arrecada 11 toneladas de alimentos no Tecno Game Brasil<\/a>\n\t\t\t<\/h4>\n\t\t\t\t\t\t<div class='uagb-post__text uagb-post-grid-byline'>\n\t\t\t\t\t\t\t<\/div>\n\t\t\t\n\t\t\t\t\t\t\t\t\t<\/article>\n\t\t\t\t\t\t\t\t\t\t\t\t\t\t\t\t<article class=\"uagb-post__inner-wrap\">\t\t\t\t\t\t\t\t<div class='uagb-post__image'>\n\t\t\t\t\t\t\t\t\t<a href=\"https:\/\/sescro.com.br\/blog\/sesc-rondonia-lanca-temporada-2026-do-cinesesc-com-foco-na-producao-regional-e-memorias-urbanas\/\" target=\"_self\" rel=\"bookmark noopener noreferrer\" class='uagb-image-ratio-inherit'><img width=\"1024\" height=\"640\" src=\"https:\/\/sescro.com.br\/blog\/wp-content\/uploads\/2026\/03\/isa-1024x640.jpg\" class=\"attachment-large size-large\" alt=\"\" decoding=\"async\" loading=\"lazy\" srcset=\"https:\/\/sescro.com.br\/blog\/wp-content\/uploads\/2026\/03\/isa-1024x640.jpg 1024w, https:\/\/sescro.com.br\/blog\/wp-content\/uploads\/2026\/03\/isa-300x188.jpg 300w, https:\/\/sescro.com.br\/blog\/wp-content\/uploads\/2026\/03\/isa-768x480.jpg 768w, https:\/\/sescro.com.br\/blog\/wp-content\/uploads\/2026\/03\/isa-1536x960.jpg 1536w, https:\/\/sescro.com.br\/blog\/wp-content\/uploads\/2026\/03\/isa-2048x1280.jpg 2048w\" sizes=\"(max-width: 1024px) 100vw, 1024px\" \/>\t\t\t\t\t<\/a>\n\t\t\t\t\t\t\t<\/div>\n\t\t\t<div class=\"uagb-post__text\"><span class=\"uagb-post__taxonomy highlighted\"><a href=\"https:\/\/sescro.com.br\/blog\/categorias\/cultura\/\">Cultura<\/a><\/span><\/div>\t\t\t<h4 class=\"uagb-post__title uagb-post__text\">\n\t\t\t\t<a href=\"https:\/\/sescro.com.br\/blog\/sesc-rondonia-lanca-temporada-2026-do-cinesesc-com-foco-na-producao-regional-e-memorias-urbanas\/\" target=\"_self\" rel=\"bookmark noopener noreferrer\">Sesc Rond\u00f4nia lan\u00e7a temporada 2026 do CineSesc com foco na produ\u00e7\u00e3o regional e mem\u00f3rias urbanas<\/a>\n\t\t\t<\/h4>\n\t\t\t\t\t\t<div class='uagb-post__text uagb-post-grid-byline'>\n\t\t\t\t\t\t\t<\/div>\n\t\t\t\n\t\t\t\t\t\t\t\t\t<\/article>\n\t\t\t\t\t\t\t\t\t\t\t\t\t\t\t\t<article class=\"uagb-post__inner-wrap\">\t\t\t\t\t\t\t\t<div class='uagb-post__image'>\n\t\t\t\t\t\t\t\t\t<a href=\"https:\/\/sescro.com.br\/blog\/sistema-fecomercio-realiza-2a-edicao-da-semana-s-do-comercio-com-servicos-gratuitos-negocios-e-atracoes-culturais-em-porto-velho\/\" target=\"_self\" rel=\"bookmark noopener noreferrer\" class='uagb-image-ratio-inherit'><img width=\"520\" height=\"400\" src=\"https:\/\/sescro.com.br\/blog\/wp-content\/uploads\/2026\/03\/thumbnail-semanaS.jpg.jpeg\" class=\"attachment-large size-large\" alt=\"\" decoding=\"async\" loading=\"lazy\" srcset=\"https:\/\/sescro.com.br\/blog\/wp-content\/uploads\/2026\/03\/thumbnail-semanaS.jpg.jpeg 520w, https:\/\/sescro.com.br\/blog\/wp-content\/uploads\/2026\/03\/thumbnail-semanaS.jpg-300x231.jpeg 300w\" sizes=\"(max-width: 520px) 100vw, 520px\" \/>\t\t\t\t\t<\/a>\n\t\t\t\t\t\t\t<\/div>\n\t\t\t<div class=\"uagb-post__text\"><span class=\"uagb-post__taxonomy highlighted\"><a href=\"https:\/\/sescro.com.br\/blog\/categorias\/sem-categoria\/\">Sem categoria<\/a><\/span><\/div>\t\t\t<h4 class=\"uagb-post__title uagb-post__text\">\n\t\t\t\t<a href=\"https:\/\/sescro.com.br\/blog\/sistema-fecomercio-realiza-2a-edicao-da-semana-s-do-comercio-com-servicos-gratuitos-negocios-e-atracoes-culturais-em-porto-velho\/\" target=\"_self\" rel=\"bookmark noopener noreferrer\">Sistema Fecom\u00e9rcio realiza 2\u00aa edi\u00e7\u00e3o da Semana S do Com\u00e9rcio com servi\u00e7os gratuitos, neg\u00f3cios e atra\u00e7\u00f5es culturais em Porto Velho<\/a>\n\t\t\t<\/h4>\n\t\t\t\t\t\t<div class='uagb-post__text uagb-post-grid-byline'>\n\t\t\t\t\t\t\t<\/div>\n\t\t\t\n\t\t\t\t\t\t\t\t\t<\/article>\n\t\t\t\t\t\t\t\t\t\t\t<\/div>\n\t\t\t<\/div><\/div>\n\n\n\n<div style=\"height:200px\" aria-hidden=\"true\" class=\"wp-block-spacer\"><\/div>\n\n\n\n<div class=\"wp-block-uagb-marketing-button uagb-marketing-btn__align-center uagb-marketing-btn__align-text-center uagb-marketing-btn__icon-before uagb-block-ddf7a629 wp-block-button\"><a href=\"https:\/\/sescro.com.br\/\" class=\"uagb-marketing-btn__link wp-block-button__link\" target=\"\" rel=\"noopener noreferrer\"><svg xmlns=\"https:\/\/www.w3.org\/2000\/svg\" viewBox=\"0 0 256 512\"><path d=\"M192 448c-8.188 0-16.38-3.125-22.62-9.375l-160-160c-12.5-12.5-12.5-32.75 0-45.25l160-160c12.5-12.5 32.75-12.5 45.25 0s12.5 32.75 0 45.25L77.25 256l137.4 137.4c12.5 12.5 12.5 32.75 0 45.25C208.4 444.9 200.2 448 192 448z\"><\/path><\/svg><span class=\"uagb-marketing-btn__title\">voltar <\/span><\/a><\/div>\n\n\n\n<div style=\"height:200px\" aria-hidden=\"true\" class=\"wp-block-spacer\"><\/div>\n","protected":false},"excerpt":{"rendered":"","protected":false},"author":1,"featured_media":0,"parent":0,"menu_order":0,"comment_status":"closed","ping_status":"closed","template":"","meta":{"_uag_custom_page_level_css":"","_exactmetrics_skip_tracking":false,"_exactmetrics_sitenote_active":false,"_exactmetrics_sitenote_note":"","_exactmetrics_sitenote_category":0,"site-sidebar-layout":"default","site-content-layout":"","ast-site-content-layout":"default","site-content-style":"default","site-sidebar-style":"default","ast-global-header-display":"","ast-banner-title-visibility":"","ast-main-header-display":"","ast-hfb-above-header-display":"","ast-hfb-below-header-display":"","ast-hfb-mobile-header-display":"","site-post-title":"disabled","ast-breadcrumbs-content":"","ast-featured-img":"","footer-sml-layout":"","theme-transparent-header-meta":"","adv-header-id-meta":"","stick-header-meta":"","header-above-stick-meta":"","header-main-stick-meta":"","header-below-stick-meta":"","astra-migrate-meta-layouts":"set","ast-page-background-enabled":"default","ast-page-background-meta":{"desktop":{"background-color":"var(--ast-global-color-4)","background-image":"","background-repeat":"repeat","background-position":"center center","background-size":"auto","background-attachment":"scroll","background-type":"","background-media":"","overlay-type":"","overlay-color":"","overlay-opacity":"","overlay-gradient":""},"tablet":{"background-color":"","background-image":"","background-repeat":"repeat","background-position":"center center","background-size":"auto","background-attachment":"scroll","background-type":"","background-media":"","overlay-type":"","overlay-color":"","overlay-opacity":"","overlay-gradient":""},"mobile":{"background-color":"","background-image":"","background-repeat":"repeat","background-position":"center center","background-size":"auto","background-attachment":"scroll","background-type":"","background-media":"","overlay-type":"","overlay-color":"","overlay-opacity":"","overlay-gradient":""}},"ast-content-background-meta":{"desktop":{"background-color":"var(--ast-global-color-5)","background-image":"","background-repeat":"repeat","background-position":"center center","background-size":"auto","background-attachment":"scroll","background-type":"","background-media":"","overlay-type":"","overlay-color":"","overlay-opacity":"","overlay-gradient":""},"tablet":{"background-color":"var(--ast-global-color-5)","background-image":"","background-repeat":"repeat","background-position":"center center","background-size":"auto","background-attachment":"scroll","background-type":"","background-media":"","overlay-type":"","overlay-color":"","overlay-opacity":"","overlay-gradient":""},"mobile":{"background-color":"var(--ast-global-color-5)","background-image":"","background-repeat":"repeat","background-position":"center center","background-size":"auto","background-attachment":"scroll","background-type":"","background-media":"","overlay-type":"","overlay-color":"","overlay-opacity":"","overlay-gradient":""}}},"uagb_featured_image_src":{"full":false,"thumbnail":false,"medium":false,"medium_large":false,"large":false,"1536x1536":false,"2048x2048":false},"uagb_author_info":{"display_name":"jessicaguedes","author_link":"https:\/\/sescro.com.br\/blog\/author\/jessicaguedes\/"},"uagb_comment_info":0,"uagb_excerpt":null,"_links":{"self":[{"href":"https:\/\/sescro.com.br\/blog\/wp-json\/wp\/v2\/pages\/7"}],"collection":[{"href":"https:\/\/sescro.com.br\/blog\/wp-json\/wp\/v2\/pages"}],"about":[{"href":"https:\/\/sescro.com.br\/blog\/wp-json\/wp\/v2\/types\/page"}],"author":[{"embeddable":true,"href":"https:\/\/sescro.com.br\/blog\/wp-json\/wp\/v2\/users\/1"}],"replies":[{"embeddable":true,"href":"https:\/\/sescro.com.br\/blog\/wp-json\/wp\/v2\/comments?post=7"}],"version-history":[{"count":58,"href":"https:\/\/sescro.com.br\/blog\/wp-json\/wp\/v2\/pages\/7\/revisions"}],"predecessor-version":[{"id":485,"href":"https:\/\/sescro.com.br\/blog\/wp-json\/wp\/v2\/pages\/7\/revisions\/485"}],"wp:attachment":[{"href":"https:\/\/sescro.com.br\/blog\/wp-json\/wp\/v2\/media?parent=7"}],"curies":[{"name":"wp","href":"https:\/\/api.w.org\/{rel}","templated":true}]}}